{"id":2110,"date":"2024-03-15T08:04:11","date_gmt":"2024-03-15T08:04:11","guid":{"rendered":"https:\/\/gpasoc.com\/?page_id=2110"},"modified":"2026-02-13T09:51:37","modified_gmt":"2026-02-13T08:51:37","slug":"et-reuneixes-amb-nosaltres","status":"publish","type":"page","link":"https:\/\/gpasoc.com\/ca\/et-reuneixes-amb-nosaltres\/","title":{"rendered":"ET REUNEIXES AMB NOSALTRES?"},"content":{"rendered":"\t\t<div data-elementor-type=\"wp-page\" data-elementor-id=\"2110\" class=\"elementor elementor-2110\" data-elementor-post-type=\"page\">\n\t\t\t\t\t\t<section class=\"elementor-section elementor-top-section elementor-element elementor-element-r53e4pa elementor-section-height-min-height elementor-section-boxed elementor-section-height-default elementor-section-items-middle\" data-id=\"r53e4pa\" data-element_type=\"section\" data-e-type=\"section\" data-settings=\"{&quot;background_background&quot;:&quot;classic&quot;}\">\n\t\t\t\t\t\t\t<div class=\"elementor-background-overlay\"><\/div>\n\t\t\t\t\t\t\t<div class=\"elementor-container elementor-column-gap-default\">\n\t\t\t\t\t<div class=\"elementor-column elementor-col-100 elementor-top-column elementor-element elementor-element-6a5337e\" data-id=\"6a5337e\" data-element_type=\"column\" data-e-type=\"column\">\n\t\t\t<div class=\"elementor-widget-wrap elementor-element-populated\">\n\t\t\t\t\t\t<div class=\"elementor-element elementor-element-feefb6c elementor-widget elementor-widget-heading\" data-id=\"feefb6c\" data-element_type=\"widget\" data-e-type=\"widget\" data-widget_type=\"heading.default\">\n\t\t\t\t<div class=\"elementor-widget-container\">\n\t\t\t\t\t<h1 class=\"elementor-heading-title elementor-size-default\">Et reuneixes amb nosaltres?<\/h1>\t\t\t\t<\/div>\n\t\t\t\t<\/div>\n\t\t\t\t\t<\/div>\n\t\t<\/div>\n\t\t\t\t\t<\/div>\n\t\t<\/section>\n\t\t\t\t<section class=\"elementor-section elementor-top-section elementor-element elementor-element-f4c1c56 elementor-section-boxed elementor-section-height-default elementor-section-height-default\" data-id=\"f4c1c56\" data-element_type=\"section\" data-e-type=\"section\">\n\t\t\t\t\t\t<div class=\"elementor-container elementor-column-gap-default\">\n\t\t\t\t\t<div class=\"elementor-column elementor-col-50 elementor-top-column elementor-element elementor-element-6d36e26\" data-id=\"6d36e26\" data-element_type=\"column\" data-e-type=\"column\">\n\t\t\t<div class=\"elementor-widget-wrap elementor-element-populated\">\n\t\t\t\t\t\t<div class=\"elementor-element elementor-element-1eff87a elementor-widget elementor-widget-heading\" data-id=\"1eff87a\" data-element_type=\"widget\" data-e-type=\"widget\" data-widget_type=\"heading.default\">\n\t\t\t\t<div class=\"elementor-widget-container\">\n\t\t\t\t\t<h2 class=\"elementor-heading-title elementor-size-default\">\nPrograma la teva Pr\u00f2xima Conversa amb Nosaltres sense costos!<\/h2>\t\t\t\t<\/div>\n\t\t\t\t<\/div>\n\t\t\t\t<div class=\"elementor-element elementor-element-0329852 elementor-widget elementor-widget-text-editor\" data-id=\"0329852\" data-element_type=\"widget\" data-e-type=\"widget\" data-widget_type=\"text-editor.default\">\n\t\t\t\t<div class=\"elementor-widget-container\">\n\t\t\t\t\t\t\t\t\t<p>Llest per a fer el seg\u00fcent pas? Completa el nostre formulari de contacte i deixa&#8217;ns els teus detalls. Ens posarem en contacte amb tu per a\u00a0agendar\u00a0una conversa i discutir com podem ajudar-te.<\/p>\t\t\t\t\t\t\t\t<\/div>\n\t\t\t\t<\/div>\n\t\t\t\t<div class=\"elementor-element elementor-element-2bc22aa elementor-widget elementor-widget-heading\" data-id=\"2bc22aa\" data-element_type=\"widget\" data-e-type=\"widget\" data-widget_type=\"heading.default\">\n\t\t\t\t<div class=\"elementor-widget-container\">\n\t\t\t\t\t<h2 class=\"elementor-heading-title elementor-size-default\">Per qu\u00e8 Contactar-nos:<\/h2>\t\t\t\t<\/div>\n\t\t\t\t<\/div>\n\t\t\t\t<div class=\"elementor-element elementor-element-3842387 elementor-widget elementor-widget-text-editor\" data-id=\"3842387\" data-element_type=\"widget\" data-e-type=\"widget\" data-widget_type=\"text-editor.default\">\n\t\t\t\t<div class=\"elementor-widget-container\">\n\t\t\t\t\t\t\t\t\t<ul><li><p><strong>Assessorament Personalitzat<\/strong>: El nostre equip \u00e9s aqu\u00ed per a escoltar les teves necessitats i oferir-te solucions adaptades a la teva situaci\u00f3 \u00fanica.<\/p><\/li><li><p><strong>Experi\u00e8ncia Professional:<\/strong> Amb anys d&#8217;experi\u00e8ncia, t&#8217;oferim un servei professional i de confian\u00e7a.<\/p><\/li><li><p><strong>Solucions al teu Abast:<\/strong> Des de consultoria fins a serveis personalitzats, estem llestos per a ajudar-te a aconseguir els teus objectius.<\/p><\/li><\/ul>\t\t\t\t\t\t\t\t<\/div>\n\t\t\t\t<\/div>\n\t\t\t\t<div class=\"elementor-element elementor-element-601dd6d elementor-widget elementor-widget-heading\" data-id=\"601dd6d\" data-element_type=\"widget\" data-e-type=\"widget\" data-widget_type=\"heading.default\">\n\t\t\t\t<div class=\"elementor-widget-container\">\n\t\t\t\t\t<h2 class=\"elementor-heading-title elementor-size-default\">\nCom Funciona:<\/h2>\t\t\t\t<\/div>\n\t\t\t\t<\/div>\n\t\t\t\t<div class=\"elementor-element elementor-element-3cb4fa5 elementor-widget elementor-widget-text-editor\" data-id=\"3cb4fa5\" data-element_type=\"widget\" data-e-type=\"widget\" data-widget_type=\"text-editor.default\">\n\t\t\t\t<div class=\"elementor-widget-container\">\n\t\t\t\t\t\t\t\t\t<ol><li><p><strong>Completa el Formulari:<\/strong> Ingressa el teu nom, correu electr\u00f2nic i un breu missatge amb les teves necessitats o preguntes.<\/p><\/li><li><p><strong>Rep una Resposta:<\/strong> Una vegada que envi\u00efs el formulari, el nostre equip revisar\u00e0 la teva sol\u00b7licitud i et contactar\u00e0 per a programar una conversa.<\/p><\/li><\/ol>\t\t\t\t\t\t\t\t<\/div>\n\t\t\t\t<\/div>\n\t\t\t\t<div class=\"elementor-element elementor-element-26808aa elementor-widget elementor-widget-heading\" data-id=\"26808aa\" data-element_type=\"widget\" data-e-type=\"widget\" data-widget_type=\"heading.default\">\n\t\t\t\t<div class=\"elementor-widget-container\">\n\t\t\t\t\t<h2 class=\"elementor-heading-title elementor-size-default\">\nLlest per a Comen\u00e7ar?<\/h2>\t\t\t\t<\/div>\n\t\t\t\t<\/div>\n\t\t\t\t<div class=\"elementor-element elementor-element-49eff3c elementor-widget elementor-widget-text-editor\" data-id=\"49eff3c\" data-element_type=\"widget\" data-e-type=\"widget\" data-widget_type=\"text-editor.default\">\n\t\t\t\t<div class=\"elementor-widget-container\">\n\t\t\t\t\t\t\t\t\t<p>Feix clic en el bot\u00f3 de baix per a completar el formulari i fer el primer pas cap a les teves metes! Si tens alguna pregunta abans de comen\u00e7ar, no dubtis a contactar-nos directament.<\/p>\t\t\t\t\t\t\t\t<\/div>\n\t\t\t\t<\/div>\n\t\t\t\t\t<\/div>\n\t\t<\/div>\n\t\t\t\t<div class=\"elementor-column elementor-col-50 elementor-top-column elementor-element elementor-element-c1083cf\" data-id=\"c1083cf\" data-element_type=\"column\" data-e-type=\"column\">\n\t\t\t<div class=\"elementor-widget-wrap elementor-element-populated\">\n\t\t\t\t\t\t<div class=\"elementor-element elementor-element-d599bf7 elementor-widget elementor-widget-spacer\" data-id=\"d599bf7\" data-element_type=\"widget\" data-e-type=\"widget\" data-widget_type=\"spacer.default\">\n\t\t\t\t<div class=\"elementor-widget-container\">\n\t\t\t\t\t\t\t<div class=\"elementor-spacer\">\n\t\t\t<div class=\"elementor-spacer-inner\"><\/div>\n\t\t<\/div>\n\t\t\t\t\t\t<\/div>\n\t\t\t\t<\/div>\n\t\t\t\t<div class=\"elementor-element elementor-element-212bf86 eael-contact-form-7-button-align-left eael-contact-form-7-button-custom elementor-widget elementor-widget-eael-contact-form-7\" data-id=\"212bf86\" data-element_type=\"widget\" data-e-type=\"widget\" data-widget_type=\"eael-contact-form-7.default\">\n\t\t\t\t<div class=\"elementor-widget-container\">\n\t\t\t\t\t<div class=\"eael-contact-form-7-wrapper\">\n                <div class=\"eael-contact-form eael-contact-form-7 eael-contact-form-212bf86 placeholder-show eael-contact-form-align-default\">\n<div class=\"wpcf7 no-js\" id=\"wpcf7-f5993-o1\" lang=\"es-ES\" dir=\"ltr\" data-wpcf7-id=\"5993\">\n<div class=\"screen-reader-response\"><p role=\"status\" aria-live=\"polite\" aria-atomic=\"true\"><\/p> <ul><\/ul><\/div>\n<form action=\"\/ca\/wp-json\/wp\/v2\/pages\/2110#wpcf7-f5993-o1\" method=\"post\" class=\"wpcf7-form init\" aria-label=\"Formulario de contacto\" novalidate=\"novalidate\" data-status=\"init\">\n<fieldset class=\"hidden-fields-container\"><input type=\"hidden\" name=\"_wpcf7\" value=\"5993\" \/><input type=\"hidden\" name=\"_wpcf7_version\" value=\"6.1.5\" \/><input type=\"hidden\" name=\"_wpcf7_locale\" value=\"es_ES\" \/><input type=\"hidden\" name=\"_wpcf7_unit_tag\" value=\"wpcf7-f5993-o1\" \/><input type=\"hidden\" name=\"_wpcf7_container_post\" value=\"0\" \/><input type=\"hidden\" name=\"_wpcf7_posted_data_hash\" value=\"\" \/><input type=\"hidden\" name=\"_wpcf7_recaptcha_response\" value=\"\" \/>\n<\/fieldset>\n<p><label> Nom i Cognoms<br \/>\n<span class=\"wpcf7-form-control-wrap\" data-name=\"your-name\"><input size=\"40\" maxlength=\"400\" class=\"wpcf7-form-control wpcf7-text wpcf7-validates-as-required\" autocomplete=\"name\" aria-required=\"true\" aria-invalid=\"false\" value=\"\" type=\"text\" name=\"your-name\" \/><\/span> <\/label>\n<\/p>\n<p><label> Empresa<br \/>\n<span class=\"wpcf7-form-control-wrap\" data-name=\"your-company\"><input size=\"40\" maxlength=\"400\" class=\"wpcf7-form-control wpcf7-text wpcf7-validates-as-required\" aria-required=\"true\" aria-invalid=\"false\" value=\"\" type=\"text\" name=\"your-company\" \/><\/span> <\/label>\n<\/p>\n<p><label> Email<br \/>\n<span class=\"wpcf7-form-control-wrap\" data-name=\"your-email\"><input size=\"40\" maxlength=\"400\" class=\"wpcf7-form-control wpcf7-email wpcf7-validates-as-required wpcf7-text wpcf7-validates-as-email\" autocomplete=\"email\" aria-required=\"true\" aria-invalid=\"false\" value=\"\" type=\"email\" name=\"your-email\" \/><\/span> <\/label>\n<\/p>\n<p><label> Tel\u00e8fon<br \/>\n<span class=\"wpcf7-form-control-wrap\" data-name=\"your-tel\"><input size=\"40\" maxlength=\"400\" class=\"wpcf7-form-control wpcf7-tel wpcf7-validates-as-required wpcf7-text wpcf7-validates-as-tel\" aria-required=\"true\" aria-invalid=\"false\" value=\"\" type=\"tel\" name=\"your-tel\" \/><\/span><\/label>\n<\/p>\n<p><label> Missatge (opcional)<br \/>\n<span class=\"wpcf7-form-control-wrap\" data-name=\"your-message\"><textarea cols=\"40\" rows=\"10\" maxlength=\"2000\" class=\"wpcf7-form-control wpcf7-textarea\" aria-invalid=\"false\" name=\"your-message\"><\/textarea><\/span> <\/label>\n<\/p>\n<p><span class=\"wpcf7-form-control-wrap\" data-name=\"acceptance-149\"><span class=\"wpcf7-form-control wpcf7-acceptance\"><span class=\"wpcf7-list-item\"><label><input type=\"checkbox\" name=\"acceptance-149\" value=\"1\" aria-invalid=\"false\" \/><span class=\"wpcf7-list-item-label\">Acceptes el tractament de les teves dades d'acord amb el que estableix l'art. 13 del RGPD.<\/span><\/label><\/span><\/span><\/span><br \/>\n<span class=\"wpcf7-form-control-wrap\" data-name=\"acceptance-149\"><span class=\"wpcf7-form-control wpcf7-acceptance optional\"><span class=\"wpcf7-list-item\"><label><input type=\"checkbox\" name=\"acceptance-149\" value=\"1\" aria-invalid=\"false\" \/><span class=\"wpcf7-list-item-label\">Acceptes el tractament de les teves dades per a \u00fas comercial.<\/span><\/label><\/span><\/span><\/span>\n<\/p>\n<p><input class=\"wpcf7-form-control wpcf7-submit has-spinner\" type=\"submit\" value=\"Enviar\" \/>\n<\/p><input type='hidden' class='wpcf7-pum' value='{\"closepopup\":false,\"closedelay\":0,\"openpopup\":false,\"openpopup_id\":0}' \/><div class=\"wpcf7-response-output\" aria-hidden=\"true\"><\/div>\n<\/form>\n<\/div>\n<\/div>\n            <\/div>\t\t\t\t<\/div>\n\t\t\t\t<\/div>\n\t\t\t\t\t<\/div>\n\t\t<\/div>\n\t\t\t\t\t<\/div>\n\t\t<\/section>\n\t\t\t\t<\/div>\n\t\t","protected":false},"excerpt":{"rendered":"<p>Et reuneixes amb nosaltres? Programa la teva Pr\u00f2xima Conversa amb Nosaltres sense costos! Llest per a fer el seg\u00fcent pas? Completa el nostre formulari de contacte i deixa&#8217;ns els teus detalls. Ens posarem en contacte amb tu per a\u00a0agendar\u00a0una conversa i discutir com podem ajudar-te. Per qu\u00e8 Contactar-nos: Assessorament Personalitzat: El nostre equip \u00e9s aqu\u00ed [&hellip;]<\/p>\n","protected":false},"author":5,"featured_media":0,"parent":0,"menu_order":0,"comment_status":"closed","ping_status":"closed","template":"","meta":{"footnotes":""},"class_list":["post-2110","page","type-page","status-publish","hentry"],"yoast_head":"<!-- This site is optimized with the Yoast SEO plugin v27.3 - https:\/\/yoast.com\/product\/yoast-seo-wordpress\/ -->\n<title>ET REUNEIXES AMB NOSALTRES? - Guti\u00e9rrez Pujadas &amp; Partners<\/title>\n<meta name=\"description\" content=\"Guti\u00e9rrez Pujadas &amp; Partners servicio de asesor\u00eda fiscal y contable en Barcelona para empresas y particulares, nacional e internacionalmente.\" \/>\n<meta name=\"robots\" content=\"noindex, follow\" \/>\n<meta property=\"og:locale\" content=\"ca_ES\" \/>\n<meta property=\"og:type\" content=\"article\" \/>\n<meta property=\"og:title\" content=\"ET REUNEIXES AMB NOSALTRES? - Guti\u00e9rrez Pujadas &amp; Partners\" \/>\n<meta property=\"og:description\" content=\"Guti\u00e9rrez Pujadas &amp; Partners servicio de asesor\u00eda fiscal y contable en Barcelona para empresas y particulares, nacional e internacionalmente.\" \/>\n<meta property=\"og:url\" content=\"https:\/\/gpasoc.com\/ca\/et-reuneixes-amb-nosaltres\/\" \/>\n<meta property=\"og:site_name\" content=\"Guti\u00e9rrez Pujadas &amp; Partners\" \/>\n<meta property=\"article:modified_time\" content=\"2026-02-13T08:51:37+00:00\" \/>\n<meta name=\"twitter:card\" content=\"summary_large_image\" \/>\n<meta name=\"twitter:label1\" content=\"Temps estimat de lectura\" \/>\n\t<meta name=\"twitter:data1\" content=\"2 minuts\" \/>\n<script type=\"application\/ld+json\" class=\"yoast-schema-graph\">{\"@context\":\"https:\\\/\\\/schema.org\",\"@graph\":[{\"@type\":\"WebPage\",\"@id\":\"https:\\\/\\\/gpasoc.com\\\/ca\\\/et-reuneixes-amb-nosaltres\\\/\",\"url\":\"https:\\\/\\\/gpasoc.com\\\/ca\\\/et-reuneixes-amb-nosaltres\\\/\",\"name\":\"ET REUNEIXES AMB NOSALTRES? - Guti\u00e9rrez Pujadas &amp; Partners\",\"isPartOf\":{\"@id\":\"https:\\\/\\\/gpasoc.com\\\/#website\"},\"datePublished\":\"2024-03-15T08:04:11+00:00\",\"dateModified\":\"2026-02-13T08:51:37+00:00\",\"description\":\"Guti\u00e9rrez Pujadas & Partners servicio de asesor\u00eda fiscal y contable en Barcelona para empresas y particulares, nacional e internacionalmente.\",\"breadcrumb\":{\"@id\":\"https:\\\/\\\/gpasoc.com\\\/ca\\\/et-reuneixes-amb-nosaltres\\\/#breadcrumb\"},\"inLanguage\":\"ca\",\"potentialAction\":[{\"@type\":\"ReadAction\",\"target\":[\"https:\\\/\\\/gpasoc.com\\\/ca\\\/et-reuneixes-amb-nosaltres\\\/\"]}]},{\"@type\":\"BreadcrumbList\",\"@id\":\"https:\\\/\\\/gpasoc.com\\\/ca\\\/et-reuneixes-amb-nosaltres\\\/#breadcrumb\",\"itemListElement\":[{\"@type\":\"ListItem\",\"position\":1,\"name\":\"Portada\",\"item\":\"https:\\\/\\\/gpasoc.com\\\/ca\\\/\"},{\"@type\":\"ListItem\",\"position\":2,\"name\":\"ET REUNEIXES AMB NOSALTRES?\"}]},{\"@type\":\"WebSite\",\"@id\":\"https:\\\/\\\/gpasoc.com\\\/#website\",\"url\":\"https:\\\/\\\/gpasoc.com\\\/\",\"name\":\"Guti\u00e9rrez Pujadas & Partners\",\"description\":\"Asesor\u00eda Nacional e Internacional\",\"publisher\":{\"@id\":\"https:\\\/\\\/gpasoc.com\\\/#organization\"},\"potentialAction\":[{\"@type\":\"SearchAction\",\"target\":{\"@type\":\"EntryPoint\",\"urlTemplate\":\"https:\\\/\\\/gpasoc.com\\\/?s={search_term_string}\"},\"query-input\":{\"@type\":\"PropertyValueSpecification\",\"valueRequired\":true,\"valueName\":\"search_term_string\"}}],\"inLanguage\":\"ca\"},{\"@type\":\"Organization\",\"@id\":\"https:\\\/\\\/gpasoc.com\\\/#organization\",\"name\":\"Guti\u00e9rrez Pujadas & Partners\",\"url\":\"https:\\\/\\\/gpasoc.com\\\/\",\"logo\":{\"@type\":\"ImageObject\",\"inLanguage\":\"ca\",\"@id\":\"https:\\\/\\\/gpasoc.com\\\/#\\\/schema\\\/logo\\\/image\\\/\",\"url\":\"https:\\\/\\\/gpasoc.com\\\/wp-content\\\/uploads\\\/2023\\\/02\\\/gutierrez-pujadas-asesoria-logo-2-min.png\",\"contentUrl\":\"https:\\\/\\\/gpasoc.com\\\/wp-content\\\/uploads\\\/2023\\\/02\\\/gutierrez-pujadas-asesoria-logo-2-min.png\",\"width\":500,\"height\":100,\"caption\":\"Guti\u00e9rrez Pujadas & Partners\"},\"image\":{\"@id\":\"https:\\\/\\\/gpasoc.com\\\/#\\\/schema\\\/logo\\\/image\\\/\"}}]}<\/script>\n<!-- \/ Yoast SEO plugin. -->","yoast_head_json":{"title":"ET REUNEIXES AMB NOSALTRES? - Guti\u00e9rrez Pujadas &amp; Partners","description":"Guti\u00e9rrez Pujadas & Partners servicio de asesor\u00eda fiscal y contable en Barcelona para empresas y particulares, nacional e internacionalmente.","robots":{"index":"noindex","follow":"follow"},"og_locale":"ca_ES","og_type":"article","og_title":"ET REUNEIXES AMB NOSALTRES? - Guti\u00e9rrez Pujadas &amp; Partners","og_description":"Guti\u00e9rrez Pujadas & Partners servicio de asesor\u00eda fiscal y contable en Barcelona para empresas y particulares, nacional e internacionalmente.","og_url":"https:\/\/gpasoc.com\/ca\/et-reuneixes-amb-nosaltres\/","og_site_name":"Guti\u00e9rrez Pujadas &amp; Partners","article_modified_time":"2026-02-13T08:51:37+00:00","twitter_card":"summary_large_image","twitter_misc":{"Temps estimat de lectura":"2 minuts"},"schema":{"@context":"https:\/\/schema.org","@graph":[{"@type":"WebPage","@id":"https:\/\/gpasoc.com\/ca\/et-reuneixes-amb-nosaltres\/","url":"https:\/\/gpasoc.com\/ca\/et-reuneixes-amb-nosaltres\/","name":"ET REUNEIXES AMB NOSALTRES? - Guti\u00e9rrez Pujadas &amp; Partners","isPartOf":{"@id":"https:\/\/gpasoc.com\/#website"},"datePublished":"2024-03-15T08:04:11+00:00","dateModified":"2026-02-13T08:51:37+00:00","description":"Guti\u00e9rrez Pujadas & Partners servicio de asesor\u00eda fiscal y contable en Barcelona para empresas y particulares, nacional e internacionalmente.","breadcrumb":{"@id":"https:\/\/gpasoc.com\/ca\/et-reuneixes-amb-nosaltres\/#breadcrumb"},"inLanguage":"ca","potentialAction":[{"@type":"ReadAction","target":["https:\/\/gpasoc.com\/ca\/et-reuneixes-amb-nosaltres\/"]}]},{"@type":"BreadcrumbList","@id":"https:\/\/gpasoc.com\/ca\/et-reuneixes-amb-nosaltres\/#breadcrumb","itemListElement":[{"@type":"ListItem","position":1,"name":"Portada","item":"https:\/\/gpasoc.com\/ca\/"},{"@type":"ListItem","position":2,"name":"ET REUNEIXES AMB NOSALTRES?"}]},{"@type":"WebSite","@id":"https:\/\/gpasoc.com\/#website","url":"https:\/\/gpasoc.com\/","name":"Guti\u00e9rrez Pujadas & Partners","description":"Asesor\u00eda Nacional e Internacional","publisher":{"@id":"https:\/\/gpasoc.com\/#organization"},"potentialAction":[{"@type":"SearchAction","target":{"@type":"EntryPoint","urlTemplate":"https:\/\/gpasoc.com\/?s={search_term_string}"},"query-input":{"@type":"PropertyValueSpecification","valueRequired":true,"valueName":"search_term_string"}}],"inLanguage":"ca"},{"@type":"Organization","@id":"https:\/\/gpasoc.com\/#organization","name":"Guti\u00e9rrez Pujadas & Partners","url":"https:\/\/gpasoc.com\/","logo":{"@type":"ImageObject","inLanguage":"ca","@id":"https:\/\/gpasoc.com\/#\/schema\/logo\/image\/","url":"https:\/\/gpasoc.com\/wp-content\/uploads\/2023\/02\/gutierrez-pujadas-asesoria-logo-2-min.png","contentUrl":"https:\/\/gpasoc.com\/wp-content\/uploads\/2023\/02\/gutierrez-pujadas-asesoria-logo-2-min.png","width":500,"height":100,"caption":"Guti\u00e9rrez Pujadas & Partners"},"image":{"@id":"https:\/\/gpasoc.com\/#\/schema\/logo\/image\/"}}]}},"_links":{"self":[{"href":"https:\/\/gpasoc.com\/ca\/wp-json\/wp\/v2\/pages\/2110","targetHints":{"allow":["GET"]}}],"collection":[{"href":"https:\/\/gpasoc.com\/ca\/wp-json\/wp\/v2\/pages"}],"about":[{"href":"https:\/\/gpasoc.com\/ca\/wp-json\/wp\/v2\/types\/page"}],"author":[{"embeddable":true,"href":"https:\/\/gpasoc.com\/ca\/wp-json\/wp\/v2\/users\/5"}],"replies":[{"embeddable":true,"href":"https:\/\/gpasoc.com\/ca\/wp-json\/wp\/v2\/comments?post=2110"}],"version-history":[{"count":7,"href":"https:\/\/gpasoc.com\/ca\/wp-json\/wp\/v2\/pages\/2110\/revisions"}],"predecessor-version":[{"id":6397,"href":"https:\/\/gpasoc.com\/ca\/wp-json\/wp\/v2\/pages\/2110\/revisions\/6397"}],"wp:attachment":[{"href":"https:\/\/gpasoc.com\/ca\/wp-json\/wp\/v2\/media?parent=2110"}],"curies":[{"name":"wp","href":"https:\/\/api.w.org\/{rel}","templated":true}]}}