{"id":424,"date":"2023-07-16T20:13:15","date_gmt":"2023-07-16T20:13:15","guid":{"rendered":"https:\/\/gpasoc.com\/?page_id=424"},"modified":"2026-02-13T09:52:01","modified_gmt":"2026-02-13T08:52:01","slug":"solictud-de-la-renda-2024","status":"publish","type":"page","link":"https:\/\/gpasoc.com\/ca\/solictud-de-la-renda-2024\/","title":{"rendered":"SOL\u00b7LICITUD DE LA RENDA 2024"},"content":{"rendered":"\t\t<div data-elementor-type=\"wp-page\" data-elementor-id=\"424\" class=\"elementor elementor-424\" data-elementor-post-type=\"page\">\n\t\t\t\t\t\t<section class=\"elementor-section elementor-top-section elementor-element elementor-element-5272bb4 elementor-section-height-min-height elementor-section-boxed elementor-section-height-default elementor-section-items-middle\" data-id=\"5272bb4\" data-element_type=\"section\" data-e-type=\"section\" data-settings=\"{&quot;background_background&quot;:&quot;classic&quot;}\">\n\t\t\t\t\t\t\t<div class=\"elementor-background-overlay\"><\/div>\n\t\t\t\t\t\t\t<div class=\"elementor-container elementor-column-gap-default\">\n\t\t\t\t\t<div class=\"elementor-column elementor-col-100 elementor-top-column elementor-element elementor-element-4b30733d\" data-id=\"4b30733d\" data-element_type=\"column\" data-e-type=\"column\">\n\t\t\t<div class=\"elementor-widget-wrap elementor-element-populated\">\n\t\t\t\t\t\t<div class=\"elementor-element elementor-element-5186bddc elementor-widget elementor-widget-heading\" data-id=\"5186bddc\" data-element_type=\"widget\" data-e-type=\"widget\" data-widget_type=\"heading.default\">\n\t\t\t\t<div class=\"elementor-widget-container\">\n\t\t\t\t\t<h1 class=\"elementor-heading-title elementor-size-default\">\nSol\u00b7licita la teva Renda 2024<\/h1>\t\t\t\t<\/div>\n\t\t\t\t<\/div>\n\t\t\t\t\t<\/div>\n\t\t<\/div>\n\t\t\t\t\t<\/div>\n\t\t<\/section>\n\t\t\t\t<section class=\"elementor-section elementor-top-section elementor-element elementor-element-611e5797 elementor-section-boxed elementor-section-height-default elementor-section-height-default\" data-id=\"611e5797\" data-element_type=\"section\" data-e-type=\"section\">\n\t\t\t\t\t\t<div class=\"elementor-container elementor-column-gap-default\">\n\t\t\t\t\t<div class=\"elementor-column elementor-col-50 elementor-top-column elementor-element elementor-element-e0cdeb3\" data-id=\"e0cdeb3\" data-element_type=\"column\" data-e-type=\"column\">\n\t\t\t<div class=\"elementor-widget-wrap elementor-element-populated\">\n\t\t\t\t\t\t<div class=\"elementor-element elementor-element-489684f5 elementor-widget elementor-widget-heading\" data-id=\"489684f5\" data-element_type=\"widget\" data-e-type=\"widget\" data-widget_type=\"heading.default\">\n\t\t\t\t<div class=\"elementor-widget-container\">\n\t\t\t\t\t<h2 class=\"elementor-heading-title elementor-size-default\">Necessites ajuda amb la teva Declaraci\u00f3 de Renda 2024?<\/h2>\t\t\t\t<\/div>\n\t\t\t\t<\/div>\n\t\t\t\t<div class=\"elementor-element elementor-element-71217658 elementor-widget elementor-widget-text-editor\" data-id=\"71217658\" data-element_type=\"widget\" data-e-type=\"widget\" data-widget_type=\"text-editor.default\">\n\t\t\t\t<div class=\"elementor-widget-container\">\n\t\t\t\t\t\t\t\t\t<p>En\u00a0Gutierrez\u00a0Licitades &amp;\u00a0Partners, entenem el complex que pot ser el proc\u00e9s de presentar la teva declaraci\u00f3 de renda. Amb l&#8217;arribada de la temporada d&#8217;impostos del 2024, som aqu\u00ed per a facilitar-te el proc\u00e9s i maximitzar els teus beneficis fiscals.<\/p>\t\t\t\t\t\t\t\t<\/div>\n\t\t\t\t<\/div>\n\t\t\t\t<div class=\"elementor-element elementor-element-2b4f4c31 elementor-widget elementor-widget-heading\" data-id=\"2b4f4c31\" data-element_type=\"widget\" data-e-type=\"widget\" data-widget_type=\"heading.default\">\n\t\t\t\t<div class=\"elementor-widget-container\">\n\t\t\t\t\t<h2 class=\"elementor-heading-title elementor-size-default\">\nEls nostres Experts et Guien Pas a pas<\/h2>\t\t\t\t<\/div>\n\t\t\t\t<\/div>\n\t\t\t\t<div class=\"elementor-element elementor-element-283e736 elementor-widget elementor-widget-text-editor\" data-id=\"283e736\" data-element_type=\"widget\" data-e-type=\"widget\" data-widget_type=\"text-editor.default\">\n\t\t\t\t<div class=\"elementor-widget-container\">\n\t\t\t\t\t\t\t\t\t<p>El nostre equip d&#8217;experts en impostos est\u00e0 llest per a brindar-te l&#8217;assessoria personalitzada que necessites. Des de la recopilaci\u00f3 de documents fins a la presentaci\u00f3 de la teva declaraci\u00f3, et guiarem en cada pas del cam\u00ed.<\/p>\t\t\t\t\t\t\t\t<\/div>\n\t\t\t\t<\/div>\n\t\t\t\t<div class=\"elementor-element elementor-element-4345eded elementor-widget elementor-widget-heading\" data-id=\"4345eded\" data-element_type=\"widget\" data-e-type=\"widget\" data-widget_type=\"heading.default\">\n\t\t\t\t<div class=\"elementor-widget-container\">\n\t\t\t\t\t<h2 class=\"elementor-heading-title elementor-size-default\">Per qu\u00e8 Triar-nos?<\/h2>\t\t\t\t<\/div>\n\t\t\t\t<\/div>\n\t\t\t\t<div class=\"elementor-element elementor-element-602b3972 elementor-widget elementor-widget-text-editor\" data-id=\"602b3972\" data-element_type=\"widget\" data-e-type=\"widget\" data-widget_type=\"text-editor.default\">\n\t\t\t\t<div class=\"elementor-widget-container\">\n\t\t\t\t\t\t\t\t\t<ul><li>Experi\u00e8ncia Professional: Comptem amb anys d&#8217;experi\u00e8ncia en el camp de la consultoria fiscal.<\/li><li>Servei Personalitzat: Ens enfoquem en les teves necessitats individuals per a brindar-te la millor soluci\u00f3.<\/li><li>Coneixement Actualitzat: Estem al corrent de totes les novetats i canvis en les lleis fiscals del 2024.<\/li><li>Confidencialitat: La teva informaci\u00f3 est\u00e0 segura amb nosaltres. Ens comprometem a mantenir la confidencialitat en tot moment.<\/li><\/ul>\t\t\t\t\t\t\t\t<\/div>\n\t\t\t\t<\/div>\n\t\t\t\t<div class=\"elementor-element elementor-element-14194764 elementor-widget elementor-widget-heading\" data-id=\"14194764\" data-element_type=\"widget\" data-e-type=\"widget\" data-widget_type=\"heading.default\">\n\t\t\t\t<div class=\"elementor-widget-container\">\n\t\t\t\t\t<h2 class=\"elementor-heading-title elementor-size-default\">\nLlest per a Comen\u00e7ar?<\/h2>\t\t\t\t<\/div>\n\t\t\t\t<\/div>\n\t\t\t\t<div class=\"elementor-element elementor-element-44b12072 elementor-widget elementor-widget-text-editor\" data-id=\"44b12072\" data-element_type=\"widget\" data-e-type=\"widget\" data-widget_type=\"text-editor.default\">\n\t\t\t\t<div class=\"elementor-widget-container\">\n\t\t\t\t\t\t\t\t\t<p>Completa el formulario a continuaci\u00f3n para programar una consulta gratuita y descubre c\u00f3mo Gutierrez Pujadas &amp; Partners puede ayudarte a aprovechar al m\u00e1ximo la campa\u00f1a de renta del 2024.<\/p>\t\t\t\t\t\t\t\t<\/div>\n\t\t\t\t<\/div>\n\t\t\t\t\t<\/div>\n\t\t<\/div>\n\t\t\t\t<div class=\"elementor-column elementor-col-50 elementor-top-column elementor-element elementor-element-4aa94da8\" data-id=\"4aa94da8\" data-element_type=\"column\" data-e-type=\"column\">\n\t\t\t<div class=\"elementor-widget-wrap elementor-element-populated\">\n\t\t\t\t\t\t<div class=\"elementor-element elementor-element-7df2cb32 elementor-widget elementor-widget-spacer\" data-id=\"7df2cb32\" data-element_type=\"widget\" data-e-type=\"widget\" data-widget_type=\"spacer.default\">\n\t\t\t\t<div class=\"elementor-widget-container\">\n\t\t\t\t\t\t\t<div class=\"elementor-spacer\">\n\t\t\t<div class=\"elementor-spacer-inner\"><\/div>\n\t\t<\/div>\n\t\t\t\t\t\t<\/div>\n\t\t\t\t<\/div>\n\t\t\t\t<div class=\"elementor-element elementor-element-5124f32 eael-contact-form-7-button-align-left eael-contact-form-7-button-custom elementor-widget elementor-widget-eael-contact-form-7\" data-id=\"5124f32\" data-element_type=\"widget\" data-e-type=\"widget\" data-widget_type=\"eael-contact-form-7.default\">\n\t\t\t\t<div class=\"elementor-widget-container\">\n\t\t\t\t\t<div class=\"eael-contact-form-7-wrapper\">\n                <div class=\"eael-contact-form eael-contact-form-7 eael-contact-form-5124f32 placeholder-show eael-contact-form-align-default\">\n<div class=\"wpcf7 no-js\" id=\"wpcf7-f5993-o1\" lang=\"es-ES\" dir=\"ltr\" data-wpcf7-id=\"5993\">\n<div class=\"screen-reader-response\"><p role=\"status\" aria-live=\"polite\" aria-atomic=\"true\"><\/p> <ul><\/ul><\/div>\n<form action=\"\/ca\/wp-json\/wp\/v2\/pages\/424#wpcf7-f5993-o1\" method=\"post\" class=\"wpcf7-form init\" aria-label=\"Formulario de contacto\" novalidate=\"novalidate\" data-status=\"init\">\n<fieldset class=\"hidden-fields-container\"><input type=\"hidden\" name=\"_wpcf7\" value=\"5993\" \/><input type=\"hidden\" name=\"_wpcf7_version\" value=\"6.1.5\" \/><input type=\"hidden\" name=\"_wpcf7_locale\" value=\"es_ES\" \/><input type=\"hidden\" name=\"_wpcf7_unit_tag\" value=\"wpcf7-f5993-o1\" \/><input type=\"hidden\" name=\"_wpcf7_container_post\" value=\"0\" \/><input type=\"hidden\" name=\"_wpcf7_posted_data_hash\" value=\"\" \/><input type=\"hidden\" name=\"_wpcf7_recaptcha_response\" value=\"\" \/>\n<\/fieldset>\n<p><label> Nom i Cognoms<br \/>\n<span class=\"wpcf7-form-control-wrap\" data-name=\"your-name\"><input size=\"40\" maxlength=\"400\" class=\"wpcf7-form-control wpcf7-text wpcf7-validates-as-required\" autocomplete=\"name\" aria-required=\"true\" aria-invalid=\"false\" value=\"\" type=\"text\" name=\"your-name\" \/><\/span> <\/label>\n<\/p>\n<p><label> Empresa<br \/>\n<span class=\"wpcf7-form-control-wrap\" data-name=\"your-company\"><input size=\"40\" maxlength=\"400\" class=\"wpcf7-form-control wpcf7-text wpcf7-validates-as-required\" aria-required=\"true\" aria-invalid=\"false\" value=\"\" type=\"text\" name=\"your-company\" \/><\/span> <\/label>\n<\/p>\n<p><label> Email<br \/>\n<span class=\"wpcf7-form-control-wrap\" data-name=\"your-email\"><input size=\"40\" maxlength=\"400\" class=\"wpcf7-form-control wpcf7-email wpcf7-validates-as-required wpcf7-text wpcf7-validates-as-email\" autocomplete=\"email\" aria-required=\"true\" aria-invalid=\"false\" value=\"\" type=\"email\" name=\"your-email\" \/><\/span> <\/label>\n<\/p>\n<p><label> Tel\u00e8fon<br \/>\n<span class=\"wpcf7-form-control-wrap\" data-name=\"your-tel\"><input size=\"40\" maxlength=\"400\" class=\"wpcf7-form-control wpcf7-tel wpcf7-validates-as-required wpcf7-text wpcf7-validates-as-tel\" aria-required=\"true\" aria-invalid=\"false\" value=\"\" type=\"tel\" name=\"your-tel\" \/><\/span><\/label>\n<\/p>\n<p><label> Missatge (opcional)<br \/>\n<span class=\"wpcf7-form-control-wrap\" data-name=\"your-message\"><textarea cols=\"40\" rows=\"10\" maxlength=\"2000\" class=\"wpcf7-form-control wpcf7-textarea\" aria-invalid=\"false\" name=\"your-message\"><\/textarea><\/span> <\/label>\n<\/p>\n<p><span class=\"wpcf7-form-control-wrap\" data-name=\"acceptance-149\"><span class=\"wpcf7-form-control wpcf7-acceptance\"><span class=\"wpcf7-list-item\"><label><input type=\"checkbox\" name=\"acceptance-149\" value=\"1\" aria-invalid=\"false\" \/><span class=\"wpcf7-list-item-label\">Acceptes el tractament de les teves dades d'acord amb el que estableix l'art. 13 del RGPD.<\/span><\/label><\/span><\/span><\/span><br \/>\n<span class=\"wpcf7-form-control-wrap\" data-name=\"acceptance-149\"><span class=\"wpcf7-form-control wpcf7-acceptance optional\"><span class=\"wpcf7-list-item\"><label><input type=\"checkbox\" name=\"acceptance-149\" value=\"1\" aria-invalid=\"false\" \/><span class=\"wpcf7-list-item-label\">Acceptes el tractament de les teves dades per a \u00fas comercial.<\/span><\/label><\/span><\/span><\/span>\n<\/p>\n<p><div class=\"cf7-cf-turnstile\" style=\"margin-top: 0px; margin-bottom: -15px;\"> <div id=\"cf-turnstile-cf7-3642513095\" class=\"cf-turnstile\" data-sitekey=\"0x4AAAAAAAb1gDHW80FEyqQp\" data-theme=\"light\" data-language=\"auto\" data-size=\"\" data-retry=\"auto\" data-retry-interval=\"1000\" data-refresh-expired=\"auto\" data-action=\"contact-form-7\" data-appearance=\"always\"><\/div> <script>document.addEventListener(\"DOMContentLoaded\", function() { setTimeout(function(){ var e=document.getElementById(\"cf-turnstile-cf7-3642513095\"); e&&!e.innerHTML.trim()&&(turnstile.remove(\"#cf-turnstile-cf7-3642513095\"), turnstile.render(\"#cf-turnstile-cf7-3642513095\", {sitekey:\"0x4AAAAAAAb1gDHW80FEyqQp\"})); }, 100); });<\/script> <br class=\"cf-turnstile-br cf-turnstile-br-cf7-3642513095\"> <style>#cf-turnstile-cf7-3642513095 { margin-left: -15px; }<\/style> <script>document.addEventListener(\"DOMContentLoaded\",function(){document.querySelectorAll('.wpcf7-form').forEach(function(e){e.addEventListener('submit',function(){if(document.getElementById('cf-turnstile-cf7-3642513095')){setTimeout(function(){turnstile.reset('#cf-turnstile-cf7-3642513095');},1000)}})})});<\/script> <\/div><br\/><input class=\"wpcf7-form-control wpcf7-submit has-spinner\" type=\"submit\" value=\"Enviar\" \/>\n<\/p><input type='hidden' class='wpcf7-pum' value='{\"closepopup\":false,\"closedelay\":0,\"openpopup\":false,\"openpopup_id\":0}' \/><div class=\"wpcf7-response-output\" aria-hidden=\"true\"><\/div>\n<\/form>\n<\/div>\n<\/div>\n            <\/div>\t\t\t\t<\/div>\n\t\t\t\t<\/div>\n\t\t\t\t\t<\/div>\n\t\t<\/div>\n\t\t\t\t\t<\/div>\n\t\t<\/section>\n\t\t\t\t<\/div>\n\t\t","protected":false},"excerpt":{"rendered":"<p>Sol\u00b7licita la teva Renda 2024 Necessites ajuda amb la teva Declaraci\u00f3 de Renda 2024? En\u00a0Gutierrez\u00a0Licitades &amp;\u00a0Partners, entenem el complex que pot ser el proc\u00e9s de presentar la teva declaraci\u00f3 de renda. Amb l&#8217;arribada de la temporada d&#8217;impostos del 2024, som aqu\u00ed per a facilitar-te el proc\u00e9s i maximitzar els teus beneficis fiscals. Els nostres Experts [&hellip;]<\/p>\n","protected":false},"author":5,"featured_media":0,"parent":0,"menu_order":0,"comment_status":"closed","ping_status":"closed","template":"","meta":{"footnotes":""},"class_list":["post-424","page","type-page","status-publish","hentry"],"yoast_head":"<!-- This site is optimized with the Yoast SEO plugin v27.3 - https:\/\/yoast.com\/product\/yoast-seo-wordpress\/ -->\n<title>SOL\u00b7LICITUD DE LA RENDA 2024 - Guti\u00e9rrez Pujadas &amp; Partners<\/title>\n<meta name=\"description\" content=\"Assessorament Fiscal i Comptable Guti\u00e9rrez i Pujadas: Experts en solucions tribut\u00e0ries i comptables, oferint orientaci\u00f3 especialitzada.\" \/>\n<meta name=\"robots\" content=\"index, follow, max-snippet:-1, max-image-preview:large, max-video-preview:-1\" \/>\n<link rel=\"canonical\" href=\"https:\/\/gpasoc.com\/ca\/solictud-de-la-renda-2024\/\" \/>\n<meta property=\"og:locale\" content=\"ca_ES\" \/>\n<meta property=\"og:type\" content=\"article\" \/>\n<meta property=\"og:title\" content=\"SOL\u00b7LICITUD DE LA RENDA 2024 - Guti\u00e9rrez Pujadas &amp; Partners\" \/>\n<meta property=\"og:description\" content=\"Assessorament Fiscal i Comptable Guti\u00e9rrez i Pujadas: Experts en solucions tribut\u00e0ries i comptables, oferint orientaci\u00f3 especialitzada.\" \/>\n<meta property=\"og:url\" content=\"https:\/\/gpasoc.com\/ca\/solictud-de-la-renda-2024\/\" \/>\n<meta property=\"og:site_name\" content=\"Guti\u00e9rrez Pujadas &amp; Partners\" \/>\n<meta property=\"article:modified_time\" content=\"2026-02-13T08:52:01+00:00\" \/>\n<meta name=\"twitter:card\" content=\"summary_large_image\" \/>\n<meta name=\"twitter:label1\" content=\"Temps estimat de lectura\" \/>\n\t<meta name=\"twitter:data1\" content=\"2 minuts\" \/>\n<script type=\"application\/ld+json\" class=\"yoast-schema-graph\">{\"@context\":\"https:\\\/\\\/schema.org\",\"@graph\":[{\"@type\":\"WebPage\",\"@id\":\"https:\\\/\\\/gpasoc.com\\\/ca\\\/solictud-de-la-renda-2024\\\/\",\"url\":\"https:\\\/\\\/gpasoc.com\\\/ca\\\/solictud-de-la-renda-2024\\\/\",\"name\":\"SOL\u00b7LICITUD DE LA RENDA 2024 - Guti\u00e9rrez Pujadas &amp; Partners\",\"isPartOf\":{\"@id\":\"https:\\\/\\\/gpasoc.com\\\/#website\"},\"datePublished\":\"2023-07-16T20:13:15+00:00\",\"dateModified\":\"2026-02-13T08:52:01+00:00\",\"description\":\"Assessorament Fiscal i Comptable Guti\u00e9rrez i Pujadas: Experts en solucions tribut\u00e0ries i comptables, oferint orientaci\u00f3 especialitzada.\",\"breadcrumb\":{\"@id\":\"https:\\\/\\\/gpasoc.com\\\/ca\\\/solictud-de-la-renda-2024\\\/#breadcrumb\"},\"inLanguage\":\"ca\",\"potentialAction\":[{\"@type\":\"ReadAction\",\"target\":[\"https:\\\/\\\/gpasoc.com\\\/ca\\\/solictud-de-la-renda-2024\\\/\"]}]},{\"@type\":\"BreadcrumbList\",\"@id\":\"https:\\\/\\\/gpasoc.com\\\/ca\\\/solictud-de-la-renda-2024\\\/#breadcrumb\",\"itemListElement\":[{\"@type\":\"ListItem\",\"position\":1,\"name\":\"Portada\",\"item\":\"https:\\\/\\\/gpasoc.com\\\/ca\\\/\"},{\"@type\":\"ListItem\",\"position\":2,\"name\":\"SOL\u00b7LICITUD DE LA RENDA 2024\"}]},{\"@type\":\"WebSite\",\"@id\":\"https:\\\/\\\/gpasoc.com\\\/#website\",\"url\":\"https:\\\/\\\/gpasoc.com\\\/\",\"name\":\"Guti\u00e9rrez Pujadas & Partners\",\"description\":\"Asesor\u00eda Nacional e Internacional\",\"publisher\":{\"@id\":\"https:\\\/\\\/gpasoc.com\\\/#organization\"},\"potentialAction\":[{\"@type\":\"SearchAction\",\"target\":{\"@type\":\"EntryPoint\",\"urlTemplate\":\"https:\\\/\\\/gpasoc.com\\\/?s={search_term_string}\"},\"query-input\":{\"@type\":\"PropertyValueSpecification\",\"valueRequired\":true,\"valueName\":\"search_term_string\"}}],\"inLanguage\":\"ca\"},{\"@type\":\"Organization\",\"@id\":\"https:\\\/\\\/gpasoc.com\\\/#organization\",\"name\":\"Guti\u00e9rrez Pujadas & Partners\",\"url\":\"https:\\\/\\\/gpasoc.com\\\/\",\"logo\":{\"@type\":\"ImageObject\",\"inLanguage\":\"ca\",\"@id\":\"https:\\\/\\\/gpasoc.com\\\/#\\\/schema\\\/logo\\\/image\\\/\",\"url\":\"https:\\\/\\\/gpasoc.com\\\/wp-content\\\/uploads\\\/2023\\\/02\\\/gutierrez-pujadas-asesoria-logo-2-min.png\",\"contentUrl\":\"https:\\\/\\\/gpasoc.com\\\/wp-content\\\/uploads\\\/2023\\\/02\\\/gutierrez-pujadas-asesoria-logo-2-min.png\",\"width\":500,\"height\":100,\"caption\":\"Guti\u00e9rrez Pujadas & Partners\"},\"image\":{\"@id\":\"https:\\\/\\\/gpasoc.com\\\/#\\\/schema\\\/logo\\\/image\\\/\"}}]}<\/script>\n<!-- \/ Yoast SEO plugin. -->","yoast_head_json":{"title":"SOL\u00b7LICITUD DE LA RENDA 2024 - Guti\u00e9rrez Pujadas &amp; Partners","description":"Assessorament Fiscal i Comptable Guti\u00e9rrez i Pujadas: Experts en solucions tribut\u00e0ries i comptables, oferint orientaci\u00f3 especialitzada.","robots":{"index":"index","follow":"follow","max-snippet":"max-snippet:-1","max-image-preview":"max-image-preview:large","max-video-preview":"max-video-preview:-1"},"canonical":"https:\/\/gpasoc.com\/ca\/solictud-de-la-renda-2024\/","og_locale":"ca_ES","og_type":"article","og_title":"SOL\u00b7LICITUD DE LA RENDA 2024 - Guti\u00e9rrez Pujadas &amp; Partners","og_description":"Assessorament Fiscal i Comptable Guti\u00e9rrez i Pujadas: Experts en solucions tribut\u00e0ries i comptables, oferint orientaci\u00f3 especialitzada.","og_url":"https:\/\/gpasoc.com\/ca\/solictud-de-la-renda-2024\/","og_site_name":"Guti\u00e9rrez Pujadas &amp; Partners","article_modified_time":"2026-02-13T08:52:01+00:00","twitter_card":"summary_large_image","twitter_misc":{"Temps estimat de lectura":"2 minuts"},"schema":{"@context":"https:\/\/schema.org","@graph":[{"@type":"WebPage","@id":"https:\/\/gpasoc.com\/ca\/solictud-de-la-renda-2024\/","url":"https:\/\/gpasoc.com\/ca\/solictud-de-la-renda-2024\/","name":"SOL\u00b7LICITUD DE LA RENDA 2024 - Guti\u00e9rrez Pujadas &amp; Partners","isPartOf":{"@id":"https:\/\/gpasoc.com\/#website"},"datePublished":"2023-07-16T20:13:15+00:00","dateModified":"2026-02-13T08:52:01+00:00","description":"Assessorament Fiscal i Comptable Guti\u00e9rrez i Pujadas: Experts en solucions tribut\u00e0ries i comptables, oferint orientaci\u00f3 especialitzada.","breadcrumb":{"@id":"https:\/\/gpasoc.com\/ca\/solictud-de-la-renda-2024\/#breadcrumb"},"inLanguage":"ca","potentialAction":[{"@type":"ReadAction","target":["https:\/\/gpasoc.com\/ca\/solictud-de-la-renda-2024\/"]}]},{"@type":"BreadcrumbList","@id":"https:\/\/gpasoc.com\/ca\/solictud-de-la-renda-2024\/#breadcrumb","itemListElement":[{"@type":"ListItem","position":1,"name":"Portada","item":"https:\/\/gpasoc.com\/ca\/"},{"@type":"ListItem","position":2,"name":"SOL\u00b7LICITUD DE LA RENDA 2024"}]},{"@type":"WebSite","@id":"https:\/\/gpasoc.com\/#website","url":"https:\/\/gpasoc.com\/","name":"Guti\u00e9rrez Pujadas & Partners","description":"Asesor\u00eda Nacional e Internacional","publisher":{"@id":"https:\/\/gpasoc.com\/#organization"},"potentialAction":[{"@type":"SearchAction","target":{"@type":"EntryPoint","urlTemplate":"https:\/\/gpasoc.com\/?s={search_term_string}"},"query-input":{"@type":"PropertyValueSpecification","valueRequired":true,"valueName":"search_term_string"}}],"inLanguage":"ca"},{"@type":"Organization","@id":"https:\/\/gpasoc.com\/#organization","name":"Guti\u00e9rrez Pujadas & Partners","url":"https:\/\/gpasoc.com\/","logo":{"@type":"ImageObject","inLanguage":"ca","@id":"https:\/\/gpasoc.com\/#\/schema\/logo\/image\/","url":"https:\/\/gpasoc.com\/wp-content\/uploads\/2023\/02\/gutierrez-pujadas-asesoria-logo-2-min.png","contentUrl":"https:\/\/gpasoc.com\/wp-content\/uploads\/2023\/02\/gutierrez-pujadas-asesoria-logo-2-min.png","width":500,"height":100,"caption":"Guti\u00e9rrez Pujadas & Partners"},"image":{"@id":"https:\/\/gpasoc.com\/#\/schema\/logo\/image\/"}}]}},"_links":{"self":[{"href":"https:\/\/gpasoc.com\/ca\/wp-json\/wp\/v2\/pages\/424","targetHints":{"allow":["GET"]}}],"collection":[{"href":"https:\/\/gpasoc.com\/ca\/wp-json\/wp\/v2\/pages"}],"about":[{"href":"https:\/\/gpasoc.com\/ca\/wp-json\/wp\/v2\/types\/page"}],"author":[{"embeddable":true,"href":"https:\/\/gpasoc.com\/ca\/wp-json\/wp\/v2\/users\/5"}],"replies":[{"embeddable":true,"href":"https:\/\/gpasoc.com\/ca\/wp-json\/wp\/v2\/comments?post=424"}],"version-history":[{"count":40,"href":"https:\/\/gpasoc.com\/ca\/wp-json\/wp\/v2\/pages\/424\/revisions"}],"predecessor-version":[{"id":6403,"href":"https:\/\/gpasoc.com\/ca\/wp-json\/wp\/v2\/pages\/424\/revisions\/6403"}],"wp:attachment":[{"href":"https:\/\/gpasoc.com\/ca\/wp-json\/wp\/v2\/media?parent=424"}],"curies":[{"name":"wp","href":"https:\/\/api.w.org\/{rel}","templated":true}]}}