{"id":5406,"date":"2023-07-24T06:16:47","date_gmt":"2023-07-24T04:16:47","guid":{"rendered":"https:\/\/gpasoc.com\/avis-legal\/"},"modified":"2025-12-16T17:30:12","modified_gmt":"2025-12-16T16:30:12","slug":"avis-legal","status":"publish","type":"page","link":"https:\/\/gpasoc.com\/ca\/avis-legal\/","title":{"rendered":"Av\u00eds Legal"},"content":{"rendered":"\t\t<div data-elementor-type=\"wp-page\" data-elementor-id=\"5406\" class=\"elementor elementor-5406 elementor-607\" data-elementor-post-type=\"page\">\n\t\t\t\t\t\t<section class=\"elementor-section elementor-top-section elementor-element elementor-element-a4c4659 elementor-section-boxed elementor-section-height-default elementor-section-height-default\" data-id=\"a4c4659\" data-element_type=\"section\" data-e-type=\"section\">\n\t\t\t\t\t\t<div class=\"elementor-container elementor-column-gap-default\">\n\t\t\t\t\t<div class=\"elementor-column elementor-col-100 elementor-top-column elementor-element elementor-element-18c8b378\" data-id=\"18c8b378\" data-element_type=\"column\" data-e-type=\"column\">\n\t\t\t<div class=\"elementor-widget-wrap elementor-element-populated\">\n\t\t\t\t\t\t<div class=\"elementor-element elementor-element-652a9b0c elementor-widget elementor-widget-text-editor\" data-id=\"652a9b0c\" data-element_type=\"widget\" data-e-type=\"widget\" data-widget_type=\"text-editor.default\">\n\t\t\t\t<div class=\"elementor-widget-container\">\n\t\t\t\t\t\t\t\t\t<p><\/p>\n<p>INTRODUCCI\u00d3<\/p>\n<p><\/p>\n<p><\/p>\n<p>En compliment de la Llei 34\/2002, d&#8217;11 de juliol, de Serveis de la Societat de la Informaci\u00f3 i de Comer\u00e7 Electr\u00f2nic (LSSI-CE), GUTIERREZ PUJADAS &amp; PARTNERS SL informa que \u00e9s titular del lloc web. D&#8217;acord amb l&#8217;exig\u00e8ncia de l&#8217;article 10 de l&#8217;esmentada Llei, GUTIERREZ PUJADAS &amp; PARTNERS SL informa de les dades seg\u00fcents: <\/p>\n<p><\/p>\n<p><\/p>\n<p>GUTIERREZ PUJADAS &amp; PARTNERS SL<br>B60467370<br>DIPUTACION 301, PRINCIPAL 1o 08009, BARCELONA info@gpasoc.com<br>932721155<br>tomo 26669, folio 142, hoja B-106349 e inscripci\u00f3n 1 servicios de asesoramiento jur\u00eddico, fiscal y laboral  <\/p>\n<p><\/p>\n<p><\/p>\n<p>USUARI I R\u00c8GIM DE RESPONSABILITATS<\/p>\n<p><\/p>\n<p><\/p>\n<p>La navegaci\u00f3, l&#8217;acc\u00e9s i l&#8217;\u00fas del lloc web de GUTIERREZ PUJADAS &amp; PARTNERS SL confereix la condici\u00f3 d&#8217;usuari, per la qual s&#8217;accepten, des de la navegaci\u00f3 pel lloc web de GUTIERREZ PUJADAS &amp; PARTNERS SL, totes les condicions d&#8217;\u00fas aqu\u00ed establertes sense perjudici de l&#8217;aplicaci\u00f3 de la corresponent normativa d&#8217;obligat compliment legal segons el cas.<\/p>\n<p><\/p>\n<p><\/p>\n<p>El lloc web de GUTIERREZ PUJADAS &amp; PARTNERS SL proporciona una gran diversitat d&#8217;informaci\u00f3, serveis i dades. L&#8217;usuari assumeix la seva responsabilitat en l&#8217;\u00fas correcte del lloc web. Aquesta responsabilitat s&#8217;estendr\u00e0 a:  <\/p>\n<p><\/p>\n<p><\/p>\n<p>\uf0a7 La veracitat i la licitud de les informacions aportades per l&#8217;usuari en els formularis estesos per GUTIERREZ PUJADAS &amp; PARTNERS SL per a l&#8217;acc\u00e9s a certs continguts o serveis oferts pel web.<\/p>\n<p><\/p>\n<p><\/p>\n<p>\uf0a7 L&#8217;\u00fas de la informaci\u00f3, els serveis i les dades ofertes per GUTIERREZ PUJADAS &amp; PARTNERS SL contr\u00e0riament al que disposen les presents condicions, la Llei, la moral, els bons costums o l&#8217;ordre p\u00fablic, o que de qualsevol altra manera puguin suposar una lesi\u00f3 dels drets de tercers o del mateix funcionament del lloc web.<\/p>\n<p><\/p>\n<p><\/p>\n<p>POL\u00cdTICA D&#8217;ENLLA\u00c7OS I EXEMPCIONS DE RESPONSABILITAT<\/p>\n<p><\/p>\n<p><\/p>\n<p>GUTIERREZ PUJADAS &amp; PARTNERS SL no es fa responsable del contingut dels llocs web als quals l&#8217;usuari pugui accedir a trav\u00e9s dels enlla\u00e7os establerts al seu lloc web i declara que en cap cas no procedir\u00e0 a examinar o exercitar cap mena de control sobre el contingut d&#8217;altres llocs de la xarxa. Aix\u00ed mateix, tampoc no garantir\u00e0 la disponibilitat t\u00e8cnica, l&#8217;exactitud, la veracitat, la validesa o la legalitat de llocs aliens a la seva propietat als quals es pugui accedir per mitj\u00e0 dels enlla\u00e7os. <\/p>\n<p><\/p>\n<p><\/p>\n<p><\/p>\n<p><\/p>\n<p>GUTIERREZ PUJADAS &amp; PARTNERS SL declara que ha adoptat totes les mesures necess\u00e0ries per evitar qualsevol dany als usuaris del seu lloc web, que poguessin derivar-se de la navegaci\u00f3 pel seu lloc web. En conseq\u00fc\u00e8ncia, GUTIERREZ PUJADAS &amp; PARTNERS SL no es fa responsable, en cap cas, dels eventuals danys que per la navegaci\u00f3 per Internet pogu\u00e9s patir l&#8217;usuari. <\/p>\n<p><\/p>\n<p><\/p>\n<p>MODIFICACIONS<\/p>\n<p><\/p>\n<p><\/p>\n<p>GUTIERREZ PUJADAS &amp; PARTNERS SL es reserva el dret de fer les modificacions que consideri oportunes, sense av\u00eds previ, en el contingut del seu lloc web. Tant pel que fa als continguts del lloc web, com a les condicions d&#8217;\u00fas del mateix, o a les condicions generals de contractaci\u00f3. Aquestes modificacions es podran fer a trav\u00e9s del seu lloc web per qualsevol forma admissible en dret i seran d&#8217;obligat compliment durant el temps en qu\u00e8 es trobin publicades al web i fins que no siguin modificades v\u00e0lidament per altres de posteriors.  <\/p>\n<p><\/p>\n<p><\/p>\n<p>PROPIETAT INTEL\u00b7LECTUAL I INDUSTRIAL<\/p>\n<p><\/p>\n<p><\/p>\n<p>GUTIERREZ PUJADAS &amp; PARTNERS SL per si mateixa o com a cession\u00e0ria, \u00e9s titular de tots els drets de propietat intel\u00b7lectual i industrial de la seva p\u00e0gina web, aix\u00ed com dels elements que cont\u00e9 (a t\u00edtol enunciatiu, imatges, so, \u00e0udio, v\u00eddeo, programari o textos; marques o logotips, combinacions de colors, estructura i disseny, selecci\u00f3 de materials usats, programes d&#8217;ordinador necessaris per al seu funcionament, acc\u00e9s i \u00fas, etc.), titularitat de GUTIERREZ PUJADAS &amp; PARTNERS SL. Seran, per conseg\u00fcent, obres protegides com a propietat intel\u00b7lectual per l&#8217;ordenament jur\u00eddic espanyol, i els seran aplicables tant la normativa espanyola i comunit\u00e0ria en aquest camp, com els tractats internacionals relatius a la mat\u00e8ria i subscrits per Espanya. <\/p>\n<p><\/p>\n<p><\/p>\n<p>Tots els drets reservats. En virtut del que disposa la Llei de Propietat Intel\u00b7lectual, queden expressament prohibides la reproducci\u00f3, la distribuci\u00f3 i la comunicaci\u00f3 p\u00fablica, inclosa la seva modalitat de posada a disposici\u00f3, de la totalitat o part dels continguts d&#8217;aquesta p\u00e0gina web, amb finalitats comercials, en qualsevol suport i per qualsevol mitj\u00e0 t\u00e8cnic, sense l&#8217;autoritzaci\u00f3 de GUTIERREZ PUJADAS &amp; PARTNERS SL. <\/p>\n<p><\/p>\n<p><\/p>\n<p>L&#8217;usuari es compromet a respectar els drets de Propietat Intel\u00b7lectual i Industrial titularitat de GUTIERREZ PUJADAS &amp; PARTNERS SL. Podr\u00e0 visualitzar els elements del portal i fins i tot imprimir-los, copiar-los i emmagatzemar-los al disc dur del seu ordinador o en qualsevol altre suport f\u00edsic sempre i quan sigui, \u00fanica i exclusivament, per al seu \u00fas personal i privat. L&#8217;usuari s&#8217;ha d&#8217;abstenir de suprimir, alterar, eludir o manipular qualsevol dispositiu de protecci\u00f3 o sistema de seguretat que estigu\u00e9s instal\u00b7lat a les p\u00e0gines de GUTIERREZ PUJADAS &amp; PARTNERS SL.  <\/p>\n<p><\/p>\n<p><\/p>\n<p>CERTIFICAT SSL (SECURE SOCKETS LAYER)<\/p>\n<p><\/p>\n<p><\/p>\n<p>El CERTIFICAT SSL proporciona autenticaci\u00f3, privacitat i seguretat de la informaci\u00f3 entre GUTIERREZ PUJADAS &amp; PARTNERS SL i l&#8217;usuari.<\/p>\n<p><\/p>\n<p><\/p>\n<p>GUTIERREZ PUJADAS &amp; PARTNERS SL disposa d&#8217;un certificat de seguretat que utilitza CERTIFICAT SSL per fer connexions segures.<\/p>\n<p><\/p>\n<p><\/p>\n<p>En aquest proc\u00e9s s&#8217;estableixen diversos par\u00e0metres per fer la connexi\u00f3 de forma segura i s&#8217;estableix usant claus preestablertes, codificant i descodificant totes les dades enviades fins que la connexi\u00f3 sigui tancada.<\/p>\n<p><\/p>\n<p><\/p>\n<p>ACCIONS LEGALS, LEGISLACI\u00d3 APLICABLE I JURISDICCI\u00d3<\/p>\n<p><\/p>\n<p><\/p>\n<p>GUTIERREZ PUJADAS &amp; PARTNERS SL es reserva, aix\u00ed mateix, la facultat de presentar les accions civils o penals que consideri oportunes per la utilitzaci\u00f3 indeguda del seu lloc web i continguts, o per l&#8217;incompliment de les presents condicions.<\/p>\n<p><\/p>\n<p><\/p>\n<p><\/p>\n<p><\/p>\n<p>La relaci\u00f3 entre l&#8217;usuari i el prestador es regir\u00e0 per la normativa vigent i d&#8217;aplicaci\u00f3 al territori espanyol. Si sorgeix qualsevol controv\u00e8rsia, les parts podran sotmetre els seus conflictes a arbitratge o acudir a la jurisdicci\u00f3 ordin\u00e0ria complint amb les normes sobre jurisdicci\u00f3 i compet\u00e8ncia al respecte. GUTIERREZ PUJADAS &amp; PARTNERS SL t\u00e9 el seu domicili a BARCELONA, Espanya.  <\/p>\n<p><\/p>\n<p><\/p>\n<p>Els contractes celebrats per via electr\u00f2nica en qu\u00e8 intervingui com a part un consumidor es presumiran celebrats al lloc en qu\u00e8 aquest tingui la seva resid\u00e8ncia habitual.<\/p>\n<p><\/p>\n<p><\/p>\n<p>Els contractes electr\u00f2nics entre empresaris o professionals, si no hi ha pacte entre les parts, es presumiran celebrats al lloc en qu\u00e8 estigui establert el prestador de serveis.<\/p>\n<p><\/p>\t\t\t\t\t\t\t\t<\/div>\n\t\t\t\t<\/div>\n\t\t\t\t\t<\/div>\n\t\t<\/div>\n\t\t\t\t\t<\/div>\n\t\t<\/section>\n\t\t\t\t<\/div>\n\t\t","protected":false},"excerpt":{"rendered":"<p>INTRODUCCI\u00d3 En compliment de la Llei 34\/2002, d&#8217;11 de juliol, de Serveis de la Societat de la Informaci\u00f3 i de Comer\u00e7 Electr\u00f2nic (LSSI-CE), GUTIERREZ PUJADAS &amp; PARTNERS SL informa que \u00e9s titular del lloc web. D&#8217;acord amb l&#8217;exig\u00e8ncia de l&#8217;article 10 de l&#8217;esmentada Llei, GUTIERREZ PUJADAS &amp; PARTNERS SL informa de les dades seg\u00fcents: GUTIERREZ [&hellip;]<\/p>\n","protected":false},"author":5,"featured_media":0,"parent":0,"menu_order":0,"comment_status":"closed","ping_status":"closed","template":"","meta":{"footnotes":""},"class_list":["post-5406","page","type-page","status-publish","hentry"],"yoast_head":"<!-- This site is optimized with the Yoast SEO plugin v27.3 - https:\/\/yoast.com\/product\/yoast-seo-wordpress\/ -->\n<title>Av\u00eds Legal - Guti\u00e9rrez Pujadas &amp; Partners<\/title>\n<meta name=\"description\" content=\"Av\u00eds Legal Guti\u00e9rrez Pujadas: Consulteu les nostres pol\u00edtiques i termes legals per a una transpar\u00e8ncia total en els nostres serveis.\" \/>\n<meta name=\"robots\" content=\"noindex, follow\" \/>\n<meta property=\"og:locale\" content=\"ca_ES\" \/>\n<meta property=\"og:type\" content=\"article\" \/>\n<meta property=\"og:title\" content=\"Av\u00eds Legal - Guti\u00e9rrez Pujadas &amp; Partners\" \/>\n<meta property=\"og:description\" content=\"Av\u00eds Legal Guti\u00e9rrez Pujadas: Consulteu les nostres pol\u00edtiques i termes legals per a una transpar\u00e8ncia total en els nostres serveis.\" \/>\n<meta property=\"og:url\" content=\"https:\/\/gpasoc.com\/ca\/avis-legal\/\" \/>\n<meta property=\"og:site_name\" content=\"Guti\u00e9rrez Pujadas &amp; Partners\" \/>\n<meta property=\"article:modified_time\" content=\"2025-12-16T16:30:12+00:00\" \/>\n<meta name=\"twitter:card\" content=\"summary_large_image\" \/>\n<meta name=\"twitter:label1\" content=\"Temps estimat de lectura\" \/>\n\t<meta name=\"twitter:data1\" content=\"5 minuts\" \/>\n<script type=\"application\/ld+json\" class=\"yoast-schema-graph\">{\"@context\":\"https:\\\/\\\/schema.org\",\"@graph\":[{\"@type\":\"WebPage\",\"@id\":\"https:\\\/\\\/gpasoc.com\\\/ca\\\/avis-legal\\\/\",\"url\":\"https:\\\/\\\/gpasoc.com\\\/ca\\\/avis-legal\\\/\",\"name\":\"Av\u00eds Legal - Guti\u00e9rrez Pujadas &amp; Partners\",\"isPartOf\":{\"@id\":\"https:\\\/\\\/gpasoc.com\\\/#website\"},\"datePublished\":\"2023-07-24T04:16:47+00:00\",\"dateModified\":\"2025-12-16T16:30:12+00:00\",\"description\":\"Av\u00eds Legal Guti\u00e9rrez Pujadas: Consulteu les nostres pol\u00edtiques i termes legals per a una transpar\u00e8ncia total en els nostres serveis.\",\"breadcrumb\":{\"@id\":\"https:\\\/\\\/gpasoc.com\\\/ca\\\/avis-legal\\\/#breadcrumb\"},\"inLanguage\":\"ca\",\"potentialAction\":[{\"@type\":\"ReadAction\",\"target\":[\"https:\\\/\\\/gpasoc.com\\\/ca\\\/avis-legal\\\/\"]}]},{\"@type\":\"BreadcrumbList\",\"@id\":\"https:\\\/\\\/gpasoc.com\\\/ca\\\/avis-legal\\\/#breadcrumb\",\"itemListElement\":[{\"@type\":\"ListItem\",\"position\":1,\"name\":\"Portada\",\"item\":\"https:\\\/\\\/gpasoc.com\\\/ca\\\/\"},{\"@type\":\"ListItem\",\"position\":2,\"name\":\"Av\u00eds Legal\"}]},{\"@type\":\"WebSite\",\"@id\":\"https:\\\/\\\/gpasoc.com\\\/#website\",\"url\":\"https:\\\/\\\/gpasoc.com\\\/\",\"name\":\"Guti\u00e9rrez Pujadas & Partners\",\"description\":\"Asesor\u00eda Nacional e Internacional\",\"publisher\":{\"@id\":\"https:\\\/\\\/gpasoc.com\\\/#organization\"},\"potentialAction\":[{\"@type\":\"SearchAction\",\"target\":{\"@type\":\"EntryPoint\",\"urlTemplate\":\"https:\\\/\\\/gpasoc.com\\\/?s={search_term_string}\"},\"query-input\":{\"@type\":\"PropertyValueSpecification\",\"valueRequired\":true,\"valueName\":\"search_term_string\"}}],\"inLanguage\":\"ca\"},{\"@type\":\"Organization\",\"@id\":\"https:\\\/\\\/gpasoc.com\\\/#organization\",\"name\":\"Guti\u00e9rrez Pujadas & Partners\",\"url\":\"https:\\\/\\\/gpasoc.com\\\/\",\"logo\":{\"@type\":\"ImageObject\",\"inLanguage\":\"ca\",\"@id\":\"https:\\\/\\\/gpasoc.com\\\/#\\\/schema\\\/logo\\\/image\\\/\",\"url\":\"https:\\\/\\\/gpasoc.com\\\/wp-content\\\/uploads\\\/2023\\\/02\\\/gutierrez-pujadas-asesoria-logo-2-min.png\",\"contentUrl\":\"https:\\\/\\\/gpasoc.com\\\/wp-content\\\/uploads\\\/2023\\\/02\\\/gutierrez-pujadas-asesoria-logo-2-min.png\",\"width\":500,\"height\":100,\"caption\":\"Guti\u00e9rrez Pujadas & Partners\"},\"image\":{\"@id\":\"https:\\\/\\\/gpasoc.com\\\/#\\\/schema\\\/logo\\\/image\\\/\"}}]}<\/script>\n<!-- \/ Yoast SEO plugin. -->","yoast_head_json":{"title":"Av\u00eds Legal - Guti\u00e9rrez Pujadas &amp; Partners","description":"Av\u00eds Legal Guti\u00e9rrez Pujadas: Consulteu les nostres pol\u00edtiques i termes legals per a una transpar\u00e8ncia total en els nostres serveis.","robots":{"index":"noindex","follow":"follow"},"og_locale":"ca_ES","og_type":"article","og_title":"Av\u00eds Legal - Guti\u00e9rrez Pujadas &amp; Partners","og_description":"Av\u00eds Legal Guti\u00e9rrez Pujadas: Consulteu les nostres pol\u00edtiques i termes legals per a una transpar\u00e8ncia total en els nostres serveis.","og_url":"https:\/\/gpasoc.com\/ca\/avis-legal\/","og_site_name":"Guti\u00e9rrez Pujadas &amp; Partners","article_modified_time":"2025-12-16T16:30:12+00:00","twitter_card":"summary_large_image","twitter_misc":{"Temps estimat de lectura":"5 minuts"},"schema":{"@context":"https:\/\/schema.org","@graph":[{"@type":"WebPage","@id":"https:\/\/gpasoc.com\/ca\/avis-legal\/","url":"https:\/\/gpasoc.com\/ca\/avis-legal\/","name":"Av\u00eds Legal - Guti\u00e9rrez Pujadas &amp; Partners","isPartOf":{"@id":"https:\/\/gpasoc.com\/#website"},"datePublished":"2023-07-24T04:16:47+00:00","dateModified":"2025-12-16T16:30:12+00:00","description":"Av\u00eds Legal Guti\u00e9rrez Pujadas: Consulteu les nostres pol\u00edtiques i termes legals per a una transpar\u00e8ncia total en els nostres serveis.","breadcrumb":{"@id":"https:\/\/gpasoc.com\/ca\/avis-legal\/#breadcrumb"},"inLanguage":"ca","potentialAction":[{"@type":"ReadAction","target":["https:\/\/gpasoc.com\/ca\/avis-legal\/"]}]},{"@type":"BreadcrumbList","@id":"https:\/\/gpasoc.com\/ca\/avis-legal\/#breadcrumb","itemListElement":[{"@type":"ListItem","position":1,"name":"Portada","item":"https:\/\/gpasoc.com\/ca\/"},{"@type":"ListItem","position":2,"name":"Av\u00eds Legal"}]},{"@type":"WebSite","@id":"https:\/\/gpasoc.com\/#website","url":"https:\/\/gpasoc.com\/","name":"Guti\u00e9rrez Pujadas & Partners","description":"Asesor\u00eda Nacional e Internacional","publisher":{"@id":"https:\/\/gpasoc.com\/#organization"},"potentialAction":[{"@type":"SearchAction","target":{"@type":"EntryPoint","urlTemplate":"https:\/\/gpasoc.com\/?s={search_term_string}"},"query-input":{"@type":"PropertyValueSpecification","valueRequired":true,"valueName":"search_term_string"}}],"inLanguage":"ca"},{"@type":"Organization","@id":"https:\/\/gpasoc.com\/#organization","name":"Guti\u00e9rrez Pujadas & Partners","url":"https:\/\/gpasoc.com\/","logo":{"@type":"ImageObject","inLanguage":"ca","@id":"https:\/\/gpasoc.com\/#\/schema\/logo\/image\/","url":"https:\/\/gpasoc.com\/wp-content\/uploads\/2023\/02\/gutierrez-pujadas-asesoria-logo-2-min.png","contentUrl":"https:\/\/gpasoc.com\/wp-content\/uploads\/2023\/02\/gutierrez-pujadas-asesoria-logo-2-min.png","width":500,"height":100,"caption":"Guti\u00e9rrez Pujadas & Partners"},"image":{"@id":"https:\/\/gpasoc.com\/#\/schema\/logo\/image\/"}}]}},"_links":{"self":[{"href":"https:\/\/gpasoc.com\/ca\/wp-json\/wp\/v2\/pages\/5406","targetHints":{"allow":["GET"]}}],"collection":[{"href":"https:\/\/gpasoc.com\/ca\/wp-json\/wp\/v2\/pages"}],"about":[{"href":"https:\/\/gpasoc.com\/ca\/wp-json\/wp\/v2\/types\/page"}],"author":[{"embeddable":true,"href":"https:\/\/gpasoc.com\/ca\/wp-json\/wp\/v2\/users\/5"}],"replies":[{"embeddable":true,"href":"https:\/\/gpasoc.com\/ca\/wp-json\/wp\/v2\/comments?post=5406"}],"version-history":[{"count":3,"href":"https:\/\/gpasoc.com\/ca\/wp-json\/wp\/v2\/pages\/5406\/revisions"}],"predecessor-version":[{"id":5409,"href":"https:\/\/gpasoc.com\/ca\/wp-json\/wp\/v2\/pages\/5406\/revisions\/5409"}],"wp:attachment":[{"href":"https:\/\/gpasoc.com\/ca\/wp-json\/wp\/v2\/media?parent=5406"}],"curies":[{"name":"wp","href":"https:\/\/api.w.org\/{rel}","templated":true}]}}