{"id":353,"date":"2023-06-06T14:34:03","date_gmt":"2023-06-06T14:34:03","guid":{"rendered":"https:\/\/gpasoc.com\/?page_id=353"},"modified":"2024-01-15T08:57:17","modified_gmt":"2024-01-15T08:57:17","slug":"international-legal-advise","status":"publish","type":"page","link":"https:\/\/gpasoc.com\/en\/international-legal-advise\/","title":{"rendered":"INTERNATIONAL LEGAL ADVISE"},"content":{"rendered":"\t\t<div data-elementor-type=\"wp-page\" data-elementor-id=\"353\" class=\"elementor elementor-353\" data-elementor-post-type=\"page\">\n\t\t\t\t\t\t<section class=\"elementor-section elementor-top-section elementor-element elementor-element-r53e4pa elementor-section-height-min-height elementor-section-boxed elementor-section-height-default elementor-section-items-middle\" data-id=\"r53e4pa\" data-element_type=\"section\" data-e-type=\"section\" data-settings=\"{&quot;background_background&quot;:&quot;classic&quot;}\">\n\t\t\t\t\t\t\t<div class=\"elementor-background-overlay\"><\/div>\n\t\t\t\t\t\t\t<div class=\"elementor-container elementor-column-gap-default\">\n\t\t\t\t\t<div class=\"elementor-column elementor-col-100 elementor-top-column elementor-element elementor-element-6a5337e\" data-id=\"6a5337e\" data-element_type=\"column\" data-e-type=\"column\">\n\t\t\t<div class=\"elementor-widget-wrap elementor-element-populated\">\n\t\t\t\t\t\t<div class=\"elementor-element elementor-element-feefb6c elementor-widget elementor-widget-heading\" data-id=\"feefb6c\" data-element_type=\"widget\" data-e-type=\"widget\" data-widget_type=\"heading.default\">\n\t\t\t\t<div class=\"elementor-widget-container\">\n\t\t\t\t\t<h1 class=\"elementor-heading-title elementor-size-default\">Legal Advise<\/h1>\t\t\t\t<\/div>\n\t\t\t\t<\/div>\n\t\t\t\t\t<\/div>\n\t\t<\/div>\n\t\t\t\t\t<\/div>\n\t\t<\/section>\n\t\t\t\t<section class=\"elementor-section elementor-top-section elementor-element elementor-element-ai1zca6 elementor-section-boxed elementor-section-height-default elementor-section-height-default\" data-id=\"ai1zca6\" data-element_type=\"section\" data-e-type=\"section\">\n\t\t\t\t\t\t<div class=\"elementor-container elementor-column-gap-default\">\n\t\t\t\t\t<div class=\"elementor-column elementor-col-100 elementor-top-column elementor-element elementor-element-ba0c118\" data-id=\"ba0c118\" data-element_type=\"column\" data-e-type=\"column\">\n\t\t\t<div class=\"elementor-widget-wrap elementor-element-populated\">\n\t\t\t\t\t\t<div class=\"elementor-element elementor-element-3dc998b elementor-widget elementor-widget-heading\" data-id=\"3dc998b\" data-element_type=\"widget\" data-e-type=\"widget\" data-widget_type=\"heading.default\">\n\t\t\t\t<div class=\"elementor-widget-container\">\n\t\t\t\t\t<h4 class=\"elementor-heading-title elementor-size-default\">At Guti\u00e9rrez Pujadas &amp; Partners we are experts in legal advice and comprehensive legal assistance at national and international level, specializing in different areas: labor, commercial and corporate, tax, civil and administrative. In addition, as international legal advisors, we specialize in commercial operations and transactions.\n\nWe offer our clients a personalized attention, which is useful and practical to face legal situations with the most appropriate resources. We offer our services as legal advisors in Barcelona and Spain.<\/h4>\t\t\t\t<\/div>\n\t\t\t\t<\/div>\n\t\t\t\t<div class=\"elementor-element elementor-element-9fdb291 elementor-widget elementor-widget-image\" data-id=\"9fdb291\" data-element_type=\"widget\" data-e-type=\"widget\" data-widget_type=\"image.default\">\n\t\t\t\t<div class=\"elementor-widget-container\">\n\t\t\t\t\t\t\t\t\t\t\t\t\t\t\t<img fetchpriority=\"high\" decoding=\"async\" width=\"2048\" height=\"1365\" src=\"https:\/\/gpasoc.com\/wp-content\/uploads\/2023\/02\/DSC01151.jpg\" class=\"attachment-full size-full wp-image-148\" alt=\"gutierrez-pujadas-asesoria-fiscal-contable\" srcset=\"https:\/\/gpasoc.com\/wp-content\/uploads\/2023\/02\/DSC01151.jpg 2048w, https:\/\/gpasoc.com\/wp-content\/uploads\/2023\/02\/DSC01151-300x200.jpg 300w, https:\/\/gpasoc.com\/wp-content\/uploads\/2023\/02\/DSC01151-1024x683.jpg 1024w, https:\/\/gpasoc.com\/wp-content\/uploads\/2023\/02\/DSC01151-768x512.jpg 768w, https:\/\/gpasoc.com\/wp-content\/uploads\/2023\/02\/DSC01151-1536x1024.jpg 1536w\" sizes=\"(max-width: 2048px) 100vw, 2048px\" \/>\t\t\t\t\t\t\t\t\t\t\t\t\t\t\t<\/div>\n\t\t\t\t<\/div>\n\t\t\t\t<section class=\"elementor-section elementor-inner-section elementor-element elementor-element-31937e3 elementor-section-boxed elementor-section-height-default elementor-section-height-default\" data-id=\"31937e3\" data-element_type=\"section\" data-e-type=\"section\">\n\t\t\t\t\t\t<div class=\"elementor-container elementor-column-gap-default\">\n\t\t\t\t\t<div class=\"elementor-column elementor-col-100 elementor-inner-column elementor-element elementor-element-57372fb\" data-id=\"57372fb\" data-element_type=\"column\" data-e-type=\"column\">\n\t\t\t<div class=\"elementor-widget-wrap elementor-element-populated\">\n\t\t\t\t\t\t<div class=\"elementor-element elementor-element-1740178 elementor-widget elementor-widget-text-editor\" data-id=\"1740178\" data-element_type=\"widget\" data-e-type=\"widget\" data-widget_type=\"text-editor.default\">\n\t\t\t\t<div class=\"elementor-widget-container\">\n\t\t\t\t\t\t\t\t\t<p>Durante m\u00e1s de 30 a\u00f1os, en Guti\u00e9rrez Pujadas &amp; Partners, nuestro objetivo principal ha sido y es, la tranquilidad y bienestar de nuestros clientes. Monitorizamos y analizamos la situaci\u00f3n econ\u00f3mica de las empresas con el objetivo de optimizar su gesti\u00f3n y trazar futuras estrategias econ\u00f3micas resolviendo posibles problemas fiscales y contables de forma eficaz.<\/p>\t\t\t\t\t\t\t\t<\/div>\n\t\t\t\t<\/div>\n\t\t\t\t\t<\/div>\n\t\t<\/div>\n\t\t\t\t\t<\/div>\n\t\t<\/section>\n\t\t\t\t<section class=\"elementor-section elementor-inner-section elementor-element elementor-element-d762106 elementor-section-boxed elementor-section-height-default elementor-section-height-default\" data-id=\"d762106\" data-element_type=\"section\" data-e-type=\"section\">\n\t\t\t\t\t\t<div class=\"elementor-container elementor-column-gap-default\">\n\t\t\t\t\t<div class=\"elementor-column elementor-col-100 elementor-inner-column elementor-element elementor-element-08ec54c\" data-id=\"08ec54c\" data-element_type=\"column\" data-e-type=\"column\">\n\t\t\t<div class=\"elementor-widget-wrap elementor-element-populated\">\n\t\t\t\t\t\t<div class=\"elementor-element elementor-element-493e4e8 elementor-widget elementor-widget-text-editor\" data-id=\"493e4e8\" data-element_type=\"widget\" data-e-type=\"widget\" data-widget_type=\"text-editor.default\">\n\t\t\t\t<div class=\"elementor-widget-container\">\n\t\t\t\t\t\t\t\t\t<p>Services we offer as National and International Legal Advisors<\/p>\t\t\t\t\t\t\t\t<\/div>\n\t\t\t\t<\/div>\n\t\t\t\t\t<\/div>\n\t\t<\/div>\n\t\t\t\t\t<\/div>\n\t\t<\/section>\n\t\t\t\t<section class=\"elementor-section elementor-inner-section elementor-element elementor-element-f012d51 elementor-section-boxed elementor-section-height-default elementor-section-height-default\" data-id=\"f012d51\" data-element_type=\"section\" data-e-type=\"section\">\n\t\t\t\t\t\t<div class=\"elementor-container elementor-column-gap-default\">\n\t\t\t\t\t<div class=\"elementor-column elementor-col-100 elementor-inner-column elementor-element elementor-element-ca60df9\" data-id=\"ca60df9\" data-element_type=\"column\" data-e-type=\"column\">\n\t\t\t<div class=\"elementor-widget-wrap elementor-element-populated\">\n\t\t\t\t\t\t<div class=\"elementor-element elementor-element-ad5c0d6 elementor-widget elementor-widget-text-editor\" data-id=\"ad5c0d6\" data-element_type=\"widget\" data-e-type=\"widget\" data-widget_type=\"text-editor.default\">\n\t\t\t\t<div class=\"elementor-widget-container\">\n\t\t\t\t\t\t\t\t\t<ul><li aria-level=\"1\"><b>Advice <\/b>and <b>assistance <\/b>in the <b>incorporation of companies<\/b>, subsidiaries and branches in Barcelona, Spain and internationally.<\/li><li aria-level=\"1\"><b>Advice <\/b>on the establishment of <b>subsidiaries abroad<\/b>.<\/li><li aria-level=\"1\"><b>Acquisition and sale of companies<\/b>, business branches and assets.<\/li><li aria-level=\"1\"><b>Assistance <\/b>in <b>corporate operations<\/b>.<\/li><li aria-level=\"1\"><b>Purchase and sale <\/b>of <b>shares <\/b>and <b>participations<\/b>.<\/li><li aria-level=\"1\">Increase and\/or decrease of capital.<\/li><li aria-level=\"1\">Mergers and structural changes in commercial companies.<\/li><li aria-level=\"1\">Legal <b>due diligence<\/b>.<\/li><li aria-level=\"1\">Formalization of agreements: joint venture, civil society, community of goods and parasocial agreements.<\/li><li aria-level=\"1\">Advice and preparation of Family Protocols.<\/li><li aria-level=\"1\"><b>Dissolution <\/b>and liquidation of <b>companies<\/b>.<\/li><li aria-level=\"1\">Insolvency proceedings.<\/li><li aria-level=\"1\">Challenging of <b>Corporate Resolutions<\/b> and defense of the <b>interests of the Shareholders\u2019 Meeting<\/b>.<\/li><li aria-level=\"1\">Claim and recovery of debts.<\/li><li aria-level=\"1\"><b>Commercial representation <\/b>and <b>distribution contracts<\/b>: agency contracts, concessions and franchises.<\/li><li aria-level=\"1\"><b>Contracts <\/b>for the <b>purchase and sale<\/b> of goods at national, intra-community and extra-community level.<\/li><li aria-level=\"1\"><b>Intellectual and industrial property contracts<\/b>: trademarks, patents and utility models.<\/li><li aria-level=\"1\"><b>Contracts <\/b>of <b>guarantees <\/b>and <b>counter-guarantees<\/b>, sureties and exchange guarantees.<\/li><li aria-level=\"1\"><b>Commercial loan <\/b>and <b>leasing contracts<\/b>.<\/li><li aria-level=\"1\"><b>Contracts for the execution <\/b>of <b>works<\/b>, provision of services, engineering and outsourcing.<\/li><li aria-level=\"1\">Golden Visa.<\/li><li aria-level=\"1\"><b>Purchase and sale <\/b>of <b>real estate<\/b>: letters of intent, earnest money agreements and formalization of the deed of sale.<\/li><li aria-level=\"1\"><b>Lease agreements<\/b> for <b>offices <\/b>and <b>permanent residence<\/b>.<\/li><li aria-level=\"1\">Successions.<\/li><\/ul>\t\t\t\t\t\t\t\t<\/div>\n\t\t\t\t<\/div>\n\t\t\t\t\t<\/div>\n\t\t<\/div>\n\t\t\t\t\t<\/div>\n\t\t<\/section>\n\t\t\t\t<div class=\"elementor-element elementor-element-8fa3d11 elementor-widget elementor-widget-text-editor\" data-id=\"8fa3d11\" data-element_type=\"widget\" data-e-type=\"widget\" data-widget_type=\"text-editor.default\">\n\t\t\t\t<div class=\"elementor-widget-container\">\n\t\t\t\t\t\t\t\t\tAdvantages of having legal advice\t\t\t\t\t\t\t\t<\/div>\n\t\t\t\t<\/div>\n\t\t\t\t<div class=\"elementor-element elementor-element-7d2d645 elementor-widget elementor-widget-text-editor\" data-id=\"7d2d645\" data-element_type=\"widget\" data-e-type=\"widget\" data-widget_type=\"text-editor.default\">\n\t\t\t\t<div class=\"elementor-widget-container\">\n\t\t\t\t\t\t\t\t\t<p>A <b>Legal Counseling<\/b>, is one that is responsible for providing information and guidance to companies and individuals to solve all those issues related to the application of rules, laws and regulations in law.<\/p><p>Because the current dynamic world in which we live is bound by legal frameworks and structures, and the established laws that surround us are constantly changing, it is necessary and essential to have legal advice and have an allied figure who understands the finer details and treats them with skill and commitment to ensure a prosperous financial growth.<\/p><p>Thus, the figure of a legal advisor or lawyer, defends the interests in all types of legal proceedings and is present, both in individuals and companies, when compliance with the law and other regulations is required.<\/p>\t\t\t\t\t\t\t\t<\/div>\n\t\t\t\t<\/div>\n\t\t\t\t\t<\/div>\n\t\t<\/div>\n\t\t\t\t\t<\/div>\n\t\t<\/section>\n\t\t\t\t<section class=\"elementor-section elementor-top-section elementor-element elementor-element-1d503a92 elementor-section-height-min-height elementor-section-content-middle elementor-section-boxed elementor-section-height-default elementor-section-items-middle elementor-invisible\" data-id=\"1d503a92\" data-element_type=\"section\" data-e-type=\"section\" data-settings=\"{&quot;background_background&quot;:&quot;classic&quot;,&quot;animation&quot;:&quot;slideInUp&quot;}\">\n\t\t\t\t\t\t\t<div class=\"elementor-background-overlay\"><\/div>\n\t\t\t\t\t\t\t<div class=\"elementor-container elementor-column-gap-default\">\n\t\t\t\t\t<div class=\"elementor-column elementor-col-100 elementor-top-column elementor-element elementor-element-2d3ce71f\" data-id=\"2d3ce71f\" data-element_type=\"column\" data-e-type=\"column\">\n\t\t\t<div class=\"elementor-widget-wrap elementor-element-populated\">\n\t\t\t\t\t\t<div class=\"elementor-element elementor-element-4a77068f elementor-widget elementor-widget-heading\" data-id=\"4a77068f\" data-element_type=\"widget\" data-e-type=\"widget\" data-widget_type=\"heading.default\">\n\t\t\t\t<div class=\"elementor-widget-container\">\n\t\t\t\t\t<h1 class=\"elementor-heading-title elementor-size-default\">Contact us<\/h1>\t\t\t\t<\/div>\n\t\t\t\t<\/div>\n\t\t\t\t<div class=\"elementor-element elementor-element-3e83b98e elementor-widget elementor-widget-text-editor\" data-id=\"3e83b98e\" data-element_type=\"widget\" data-e-type=\"widget\" data-widget_type=\"text-editor.default\">\n\t\t\t\t<div class=\"elementor-widget-container\">\n\t\t\t\t\t\t\t\t\t<p>Do you need Real Estate Planning Services?<\/p>\t\t\t\t\t\t\t\t<\/div>\n\t\t\t\t<\/div>\n\t\t\t\t<div class=\"elementor-element elementor-element-4a84c1ba elementor-align-center elementor-widget elementor-widget-button\" data-id=\"4a84c1ba\" data-element_type=\"widget\" data-e-type=\"widget\" data-widget_type=\"button.default\">\n\t\t\t\t<div class=\"elementor-widget-container\">\n\t\t\t\t\t\t\t\t\t<div class=\"elementor-button-wrapper\">\n\t\t\t\t\t<a class=\"elementor-button elementor-button-link elementor-size-sm\" href=\"https:\/\/gpasoc.com\/contacto\/\">\n\t\t\t\t\t\t<span class=\"elementor-button-content-wrapper\">\n\t\t\t\t\t\t\t\t\t<span class=\"elementor-button-text\">CONTACT US<\/span>\n\t\t\t\t\t<\/span>\n\t\t\t\t\t<\/a>\n\t\t\t\t<\/div>\n\t\t\t\t\t\t\t\t<\/div>\n\t\t\t\t<\/div>\n\t\t\t\t\t<\/div>\n\t\t<\/div>\n\t\t\t\t\t<\/div>\n\t\t<\/section>\n\t\t\t\t<\/div>\n\t\t","protected":false},"excerpt":{"rendered":"<p>Legal Advise At Guti\u00e9rrez Pujadas &amp; Partners we are experts in legal advice and comprehensive legal assistance at national and international level, specializing in different areas: labor, commercial and corporate, tax, civil and administrative. In addition, as international legal advisors, we specialize in commercial operations and transactions. We offer our clients a personalized attention, which [&hellip;]<\/p>\n","protected":false},"author":5,"featured_media":0,"parent":0,"menu_order":0,"comment_status":"closed","ping_status":"closed","template":"","meta":{"footnotes":""},"class_list":["post-353","page","type-page","status-publish","hentry"],"yoast_head":"<!-- This site is optimized with the Yoast SEO plugin v27.3 - https:\/\/yoast.com\/product\/yoast-seo-wordpress\/ -->\n<title>INTERNATIONAL LEGAL ADVISE - Guti\u00e9rrez Pujadas &amp; Partners<\/title>\n<meta name=\"description\" content=\"Guti\u00e9rrez and Pujadas: Personalized national and international legal advice, distinguished for our experience and dedication.\" \/>\n<meta name=\"robots\" content=\"index, follow, max-snippet:-1, max-image-preview:large, max-video-preview:-1\" \/>\n<link rel=\"canonical\" href=\"https:\/\/gpasoc.com\/en\/international-legal-advise\/\" \/>\n<meta property=\"og:locale\" content=\"en_US\" \/>\n<meta property=\"og:type\" content=\"article\" \/>\n<meta property=\"og:title\" content=\"INTERNATIONAL LEGAL ADVISE - Guti\u00e9rrez Pujadas &amp; Partners\" \/>\n<meta property=\"og:description\" content=\"Guti\u00e9rrez and Pujadas: Personalized national and international legal advice, distinguished for our experience and dedication.\" \/>\n<meta property=\"og:url\" content=\"https:\/\/gpasoc.com\/en\/international-legal-advise\/\" \/>\n<meta property=\"og:site_name\" content=\"Guti\u00e9rrez Pujadas &amp; Partners\" \/>\n<meta property=\"article:modified_time\" content=\"2024-01-15T08:57:17+00:00\" \/>\n<meta property=\"og:image\" content=\"https:\/\/gpasoc.com\/wp-content\/uploads\/2023\/02\/DSC01151.jpg\" \/>\n<meta name=\"twitter:card\" content=\"summary_large_image\" \/>\n<meta name=\"twitter:label1\" content=\"Est. reading time\" \/>\n\t<meta name=\"twitter:data1\" content=\"3 minutes\" \/>\n<script type=\"application\/ld+json\" class=\"yoast-schema-graph\">{\"@context\":\"https:\\\/\\\/schema.org\",\"@graph\":[{\"@type\":\"WebPage\",\"@id\":\"https:\\\/\\\/gpasoc.com\\\/en\\\/international-legal-advise\\\/\",\"url\":\"https:\\\/\\\/gpasoc.com\\\/en\\\/international-legal-advise\\\/\",\"name\":\"INTERNATIONAL LEGAL ADVISE - Guti\u00e9rrez Pujadas &amp; Partners\",\"isPartOf\":{\"@id\":\"https:\\\/\\\/gpasoc.com\\\/#website\"},\"primaryImageOfPage\":{\"@id\":\"https:\\\/\\\/gpasoc.com\\\/en\\\/international-legal-advise\\\/#primaryimage\"},\"image\":{\"@id\":\"https:\\\/\\\/gpasoc.com\\\/en\\\/international-legal-advise\\\/#primaryimage\"},\"thumbnailUrl\":\"https:\\\/\\\/gpasoc.com\\\/wp-content\\\/uploads\\\/2023\\\/02\\\/DSC01151.jpg\",\"datePublished\":\"2023-06-06T14:34:03+00:00\",\"dateModified\":\"2024-01-15T08:57:17+00:00\",\"description\":\"Guti\u00e9rrez and Pujadas: Personalized national and international legal advice, distinguished for our experience and dedication.\",\"breadcrumb\":{\"@id\":\"https:\\\/\\\/gpasoc.com\\\/en\\\/international-legal-advise\\\/#breadcrumb\"},\"inLanguage\":\"en-US\",\"potentialAction\":[{\"@type\":\"ReadAction\",\"target\":[\"https:\\\/\\\/gpasoc.com\\\/en\\\/international-legal-advise\\\/\"]}]},{\"@type\":\"ImageObject\",\"inLanguage\":\"en-US\",\"@id\":\"https:\\\/\\\/gpasoc.com\\\/en\\\/international-legal-advise\\\/#primaryimage\",\"url\":\"https:\\\/\\\/gpasoc.com\\\/wp-content\\\/uploads\\\/2023\\\/02\\\/DSC01151.jpg\",\"contentUrl\":\"https:\\\/\\\/gpasoc.com\\\/wp-content\\\/uploads\\\/2023\\\/02\\\/DSC01151.jpg\"},{\"@type\":\"BreadcrumbList\",\"@id\":\"https:\\\/\\\/gpasoc.com\\\/en\\\/international-legal-advise\\\/#breadcrumb\",\"itemListElement\":[{\"@type\":\"ListItem\",\"position\":1,\"name\":\"Portada\",\"item\":\"https:\\\/\\\/gpasoc.com\\\/\"},{\"@type\":\"ListItem\",\"position\":2,\"name\":\"INTERNATIONAL LEGAL ADVISE\"}]},{\"@type\":\"WebSite\",\"@id\":\"https:\\\/\\\/gpasoc.com\\\/#website\",\"url\":\"https:\\\/\\\/gpasoc.com\\\/\",\"name\":\"Guti\u00e9rrez Pujadas & Partners\",\"description\":\"Asesor\u00eda Nacional e Internacional\",\"publisher\":{\"@id\":\"https:\\\/\\\/gpasoc.com\\\/#organization\"},\"potentialAction\":[{\"@type\":\"SearchAction\",\"target\":{\"@type\":\"EntryPoint\",\"urlTemplate\":\"https:\\\/\\\/gpasoc.com\\\/?s={search_term_string}\"},\"query-input\":{\"@type\":\"PropertyValueSpecification\",\"valueRequired\":true,\"valueName\":\"search_term_string\"}}],\"inLanguage\":\"en-US\"},{\"@type\":\"Organization\",\"@id\":\"https:\\\/\\\/gpasoc.com\\\/#organization\",\"name\":\"Guti\u00e9rrez Pujadas & Partners\",\"url\":\"https:\\\/\\\/gpasoc.com\\\/\",\"logo\":{\"@type\":\"ImageObject\",\"inLanguage\":\"en-US\",\"@id\":\"https:\\\/\\\/gpasoc.com\\\/#\\\/schema\\\/logo\\\/image\\\/\",\"url\":\"https:\\\/\\\/gpasoc.com\\\/wp-content\\\/uploads\\\/2023\\\/02\\\/gutierrez-pujadas-asesoria-logo-2-min.png\",\"contentUrl\":\"https:\\\/\\\/gpasoc.com\\\/wp-content\\\/uploads\\\/2023\\\/02\\\/gutierrez-pujadas-asesoria-logo-2-min.png\",\"width\":500,\"height\":100,\"caption\":\"Guti\u00e9rrez Pujadas & Partners\"},\"image\":{\"@id\":\"https:\\\/\\\/gpasoc.com\\\/#\\\/schema\\\/logo\\\/image\\\/\"}}]}<\/script>\n<!-- \/ Yoast SEO plugin. -->","yoast_head_json":{"title":"INTERNATIONAL LEGAL ADVISE - Guti\u00e9rrez Pujadas &amp; Partners","description":"Guti\u00e9rrez and Pujadas: Personalized national and international legal advice, distinguished for our experience and dedication.","robots":{"index":"index","follow":"follow","max-snippet":"max-snippet:-1","max-image-preview":"max-image-preview:large","max-video-preview":"max-video-preview:-1"},"canonical":"https:\/\/gpasoc.com\/en\/international-legal-advise\/","og_locale":"en_US","og_type":"article","og_title":"INTERNATIONAL LEGAL ADVISE - Guti\u00e9rrez Pujadas &amp; Partners","og_description":"Guti\u00e9rrez and Pujadas: Personalized national and international legal advice, distinguished for our experience and dedication.","og_url":"https:\/\/gpasoc.com\/en\/international-legal-advise\/","og_site_name":"Guti\u00e9rrez Pujadas &amp; Partners","article_modified_time":"2024-01-15T08:57:17+00:00","og_image":[{"url":"https:\/\/gpasoc.com\/wp-content\/uploads\/2023\/02\/DSC01151.jpg","type":"","width":"","height":""}],"twitter_card":"summary_large_image","twitter_misc":{"Est. reading time":"3 minutes"},"schema":{"@context":"https:\/\/schema.org","@graph":[{"@type":"WebPage","@id":"https:\/\/gpasoc.com\/en\/international-legal-advise\/","url":"https:\/\/gpasoc.com\/en\/international-legal-advise\/","name":"INTERNATIONAL LEGAL ADVISE - Guti\u00e9rrez Pujadas &amp; Partners","isPartOf":{"@id":"https:\/\/gpasoc.com\/#website"},"primaryImageOfPage":{"@id":"https:\/\/gpasoc.com\/en\/international-legal-advise\/#primaryimage"},"image":{"@id":"https:\/\/gpasoc.com\/en\/international-legal-advise\/#primaryimage"},"thumbnailUrl":"https:\/\/gpasoc.com\/wp-content\/uploads\/2023\/02\/DSC01151.jpg","datePublished":"2023-06-06T14:34:03+00:00","dateModified":"2024-01-15T08:57:17+00:00","description":"Guti\u00e9rrez and Pujadas: Personalized national and international legal advice, distinguished for our experience and dedication.","breadcrumb":{"@id":"https:\/\/gpasoc.com\/en\/international-legal-advise\/#breadcrumb"},"inLanguage":"en-US","potentialAction":[{"@type":"ReadAction","target":["https:\/\/gpasoc.com\/en\/international-legal-advise\/"]}]},{"@type":"ImageObject","inLanguage":"en-US","@id":"https:\/\/gpasoc.com\/en\/international-legal-advise\/#primaryimage","url":"https:\/\/gpasoc.com\/wp-content\/uploads\/2023\/02\/DSC01151.jpg","contentUrl":"https:\/\/gpasoc.com\/wp-content\/uploads\/2023\/02\/DSC01151.jpg"},{"@type":"BreadcrumbList","@id":"https:\/\/gpasoc.com\/en\/international-legal-advise\/#breadcrumb","itemListElement":[{"@type":"ListItem","position":1,"name":"Portada","item":"https:\/\/gpasoc.com\/"},{"@type":"ListItem","position":2,"name":"INTERNATIONAL LEGAL ADVISE"}]},{"@type":"WebSite","@id":"https:\/\/gpasoc.com\/#website","url":"https:\/\/gpasoc.com\/","name":"Guti\u00e9rrez Pujadas & Partners","description":"Asesor\u00eda Nacional e Internacional","publisher":{"@id":"https:\/\/gpasoc.com\/#organization"},"potentialAction":[{"@type":"SearchAction","target":{"@type":"EntryPoint","urlTemplate":"https:\/\/gpasoc.com\/?s={search_term_string}"},"query-input":{"@type":"PropertyValueSpecification","valueRequired":true,"valueName":"search_term_string"}}],"inLanguage":"en-US"},{"@type":"Organization","@id":"https:\/\/gpasoc.com\/#organization","name":"Guti\u00e9rrez Pujadas & Partners","url":"https:\/\/gpasoc.com\/","logo":{"@type":"ImageObject","inLanguage":"en-US","@id":"https:\/\/gpasoc.com\/#\/schema\/logo\/image\/","url":"https:\/\/gpasoc.com\/wp-content\/uploads\/2023\/02\/gutierrez-pujadas-asesoria-logo-2-min.png","contentUrl":"https:\/\/gpasoc.com\/wp-content\/uploads\/2023\/02\/gutierrez-pujadas-asesoria-logo-2-min.png","width":500,"height":100,"caption":"Guti\u00e9rrez Pujadas & Partners"},"image":{"@id":"https:\/\/gpasoc.com\/#\/schema\/logo\/image\/"}}]}},"_links":{"self":[{"href":"https:\/\/gpasoc.com\/en\/wp-json\/wp\/v2\/pages\/353","targetHints":{"allow":["GET"]}}],"collection":[{"href":"https:\/\/gpasoc.com\/en\/wp-json\/wp\/v2\/pages"}],"about":[{"href":"https:\/\/gpasoc.com\/en\/wp-json\/wp\/v2\/types\/page"}],"author":[{"embeddable":true,"href":"https:\/\/gpasoc.com\/en\/wp-json\/wp\/v2\/users\/5"}],"replies":[{"embeddable":true,"href":"https:\/\/gpasoc.com\/en\/wp-json\/wp\/v2\/comments?post=353"}],"version-history":[{"count":8,"href":"https:\/\/gpasoc.com\/en\/wp-json\/wp\/v2\/pages\/353\/revisions"}],"predecessor-version":[{"id":442,"href":"https:\/\/gpasoc.com\/en\/wp-json\/wp\/v2\/pages\/353\/revisions\/442"}],"wp:attachment":[{"href":"https:\/\/gpasoc.com\/en\/wp-json\/wp\/v2\/media?parent=353"}],"curies":[{"name":"wp","href":"https:\/\/api.w.org\/{rel}","templated":true}]}}