{"id":366,"date":"2023-06-09T21:09:34","date_gmt":"2023-06-09T21:09:34","guid":{"rendered":"https:\/\/gpasoc.com\/?page_id=366"},"modified":"2024-01-15T08:43:50","modified_gmt":"2024-01-15T08:43:50","slug":"family-office","status":"publish","type":"page","link":"https:\/\/gpasoc.com\/en\/family-office\/","title":{"rendered":"FAMILY OFFICE"},"content":{"rendered":"\t\t<div data-elementor-type=\"wp-page\" data-elementor-id=\"366\" class=\"elementor elementor-366\" data-elementor-post-type=\"page\">\n\t\t\t\t\t\t<section class=\"elementor-section elementor-top-section elementor-element elementor-element-r53e4pa elementor-section-height-min-height elementor-section-boxed elementor-section-height-default elementor-section-items-middle\" data-id=\"r53e4pa\" data-element_type=\"section\" data-e-type=\"section\" data-settings=\"{&quot;background_background&quot;:&quot;classic&quot;}\">\n\t\t\t\t\t\t\t<div class=\"elementor-background-overlay\"><\/div>\n\t\t\t\t\t\t\t<div class=\"elementor-container elementor-column-gap-default\">\n\t\t\t\t\t<div class=\"elementor-column elementor-col-100 elementor-top-column elementor-element elementor-element-6a5337e\" data-id=\"6a5337e\" data-element_type=\"column\" data-e-type=\"column\">\n\t\t\t<div class=\"elementor-widget-wrap elementor-element-populated\">\n\t\t\t\t\t\t<div class=\"elementor-element elementor-element-feefb6c elementor-widget elementor-widget-heading\" data-id=\"feefb6c\" data-element_type=\"widget\" data-e-type=\"widget\" data-widget_type=\"heading.default\">\n\t\t\t\t<div class=\"elementor-widget-container\">\n\t\t\t\t\t<h1 class=\"elementor-heading-title elementor-size-default\">Family Office<\/h1>\t\t\t\t<\/div>\n\t\t\t\t<\/div>\n\t\t\t\t\t<\/div>\n\t\t<\/div>\n\t\t\t\t\t<\/div>\n\t\t<\/section>\n\t\t\t\t<section class=\"elementor-section elementor-top-section elementor-element elementor-element-ai1zca6 elementor-section-boxed elementor-section-height-default elementor-section-height-default\" data-id=\"ai1zca6\" data-element_type=\"section\" data-e-type=\"section\">\n\t\t\t\t\t\t<div class=\"elementor-container elementor-column-gap-default\">\n\t\t\t\t\t<div class=\"elementor-column elementor-col-100 elementor-top-column elementor-element elementor-element-ba0c118\" data-id=\"ba0c118\" data-element_type=\"column\" data-e-type=\"column\">\n\t\t\t<div class=\"elementor-widget-wrap elementor-element-populated\">\n\t\t\t\t\t\t<div class=\"elementor-element elementor-element-3dc998b elementor-widget elementor-widget-heading\" data-id=\"3dc998b\" data-element_type=\"widget\" data-e-type=\"widget\" data-widget_type=\"heading.default\">\n\t\t\t\t<div class=\"elementor-widget-container\">\n\t\t\t\t\t<h4 class=\"elementor-heading-title elementor-size-default\">En muchas ocasiones existen patrimonios derivados de grandes proyectos de negocio, que se van conservando e incrementando generacionalmente en las familias. Cuando se trata de organizar el legado familiar elevado, surgen dudas relacionadas con el asesoramiento fiscal o legal, entre otros. En Guti\u00e9rrez Pujades &amp; Partners ponemos a tu disposici\u00f3n un servicio integral de Family Office, en el cual te asesoramos acerca de tu patrimonio y coordinamos cada fase con el objetivo de preservarlo de generaci\u00f3n en generaci\u00f3n desde una visi\u00f3n global e independiente.<\/h4>\t\t\t\t<\/div>\n\t\t\t\t<\/div>\n\t\t\t\t<section class=\"elementor-section elementor-inner-section elementor-element elementor-element-31937e3 elementor-section-boxed elementor-section-height-default elementor-section-height-default\" data-id=\"31937e3\" data-element_type=\"section\" data-e-type=\"section\">\n\t\t\t\t\t\t<div class=\"elementor-container elementor-column-gap-default\">\n\t\t\t\t\t<div class=\"elementor-column elementor-col-100 elementor-inner-column elementor-element elementor-element-57372fb\" data-id=\"57372fb\" data-element_type=\"column\" data-e-type=\"column\">\n\t\t\t<div class=\"elementor-widget-wrap elementor-element-populated\">\n\t\t\t\t\t\t<div class=\"elementor-element elementor-element-9fdb291 elementor-widget elementor-widget-image\" data-id=\"9fdb291\" data-element_type=\"widget\" data-e-type=\"widget\" data-widget_type=\"image.default\">\n\t\t\t\t<div class=\"elementor-widget-container\">\n\t\t\t\t\t\t\t\t\t\t\t\t\t\t\t<img fetchpriority=\"high\" decoding=\"async\" width=\"1280\" height=\"853\" src=\"https:\/\/gpasoc.com\/wp-content\/uploads\/2023\/06\/pexels-fauxels-3184339.jpg\" class=\"attachment-full size-full wp-image-369\" alt=\"family-office-gpasoc\" srcset=\"https:\/\/gpasoc.com\/wp-content\/uploads\/2023\/06\/pexels-fauxels-3184339.jpg 1280w, https:\/\/gpasoc.com\/wp-content\/uploads\/2023\/06\/pexels-fauxels-3184339-300x200.jpg 300w, https:\/\/gpasoc.com\/wp-content\/uploads\/2023\/06\/pexels-fauxels-3184339-1024x682.jpg 1024w, https:\/\/gpasoc.com\/wp-content\/uploads\/2023\/06\/pexels-fauxels-3184339-768x512.jpg 768w\" sizes=\"(max-width: 1280px) 100vw, 1280px\" \/>\t\t\t\t\t\t\t\t\t\t\t\t\t\t\t<\/div>\n\t\t\t\t<\/div>\n\t\t\t\t<div class=\"elementor-element elementor-element-1740178 elementor-widget elementor-widget-text-editor\" data-id=\"1740178\" data-element_type=\"widget\" data-e-type=\"widget\" data-widget_type=\"text-editor.default\">\n\t\t\t\t<div class=\"elementor-widget-container\">\n\t\t\t\t\t\t\t\t\t<h2><strong>\u00bfQu\u00e9 es un Family Office?<\/strong><\/h2><p>Un <b>Family Office<\/b> <b>u oficina familiar<\/b> es una empresa privada que se constituye con el fin de gestionar todos los activos patrimoniales de una familia y preservar su continuidad en el tiempo. Su organizaci\u00f3n la constituyen administradores, asesores financieros, especialistas fiscales y expertos en derecho, que se encargan de todo lo que engloba el patrimonio familiar.<\/p><h2>\u00a0<\/h2><h2><strong>\u00bfCu\u00e1ndo conviene crear un Family Office?<\/strong><\/h2><p><br \/>Su creaci\u00f3n es necesaria cuando se alcanza un determinado patrimonio familiar que, por su cuant\u00eda, es dif\u00edcil de gestionar por una sola familia. A la vez, ese patrimonio tiene que ser capaz de generar rendimiento para operar por s\u00ed mismo como una sociedad. Adem\u00e1s, tambi\u00e9n se podr\u00eda optar por un Family Office en casos como, por ejemplo, la venta de una empresa en la que la familia tenga que organizar el patrimonio financiero e inmobiliario; o para quienes ganan cantidades de dinero consideradas en un periodo de tiempo muy corto.<br \/><br \/><\/p><h2><strong>Tipos de Family Office<\/strong><\/h2><p><br \/>En el momento de llevar a cabo un Family Office, existen dos opciones seg\u00fan el tama\u00f1o del patrimonio:\u00a0<br \/><b>Single Family Office (SFO)<\/b> se trata de una sociedad que es para una \u00fanica familia. Esto se traduce en que los profesionales que gestionan el patrimonio de este grupo familiar lo har\u00e1n en exclusiva para ellos.\u00a0<br \/><b>Multi Family Office (MFO)<\/b> se recurre a \u00e9l, cuando el patrimonio no es lo suficientemente elevado como para formar un Family Office propio, y se opta por acudir a uno multifamiliar cuyo coste suele ser m\u00e1s econ\u00f3mico al no existir dedicaci\u00f3n exclusiva.<br \/><br \/><\/p><h2><strong>\u00bfC\u00f3mo funciona un Family Office?<\/strong><\/h2><p><br \/>El funcionamiento de las oficinas familiares se basa en una serie de servicios mediante los cuales se proporciona un asesoramiento adecuado a cada tipo de empresa. Para ello, se emplean unos procesos a seguir:<\/p><ul><li aria-level=\"1\"><b>Planificaci\u00f3n Financiera:<\/b> Se realiza una evaluaci\u00f3n de la situaci\u00f3n general para poder determinar objetivos, se revisa la estructura familiar y se organiza un protocolo para planificar la gesti\u00f3n de patrimonio.<\/li><li aria-level=\"1\"><b>Estrategia de Inversi\u00f3n:<\/b> Se crea una estrategia de inversi\u00f3n global, que presente ideas y oportunidades de inversi\u00f3n y, en consecuencia, se hace el seguimiento que estas implican.<\/li><li aria-level=\"1\"><b>Asesoramiento:<\/b> Se ofrece un asesoramiento legal y fiscal por parte de profesionales, cuyos intereses est\u00e9n totalmente alineados con los de la familia y velen por el cuidado de cada uno de los miembros.<\/li><\/ul><h2>\u00a0<\/h2><h2><strong>\u00bfC\u00f3mo puede ayudarte a crear un family office Gutierrez Pujadas &amp; Partners?<\/strong><\/h2><p><br \/>En <b>Guti\u00e9rrez Pujadas &amp; Partners<\/b>, damos un enfoque personalizado e integrado que asegure que cada detalle sea tomado en consideraci\u00f3n y adapt\u00e1ndonos a los deseos de cada familia particular. Asesoramos el\u00a0patrimonio\u00a0de las\u00a0familias\u00a0con el objetivo de\u00a0preservarlo\u00a0de generaci\u00f3n en generaci\u00f3n, y damos soporte en el \u00e1mbito legal, fiscal y en temas relacionados con la\u00a0planificaci\u00f3n patrimonial\u00a0a corto y a largo plazo; la\u00a0implementaci\u00f3n\u00a0y\u00a0administraci\u00f3n\u00a0de estructuras tales como los fideicomisos, las\u00a0fundaciones, los seguros de vida y las\u00a0entidades corporativas; y la planificaci\u00f3n de los bienes sucesorios, buscando siempre la\u00a0preservaci\u00f3n de los activos\u00a0para hacer una correcta transferencia a la siguiente generaci\u00f3n.<\/p>\t\t\t\t\t\t\t\t<\/div>\n\t\t\t\t<\/div>\n\t\t\t\t\t<\/div>\n\t\t<\/div>\n\t\t\t\t\t<\/div>\n\t\t<\/section>\n\t\t\t\t\t<\/div>\n\t\t<\/div>\n\t\t\t\t\t<\/div>\n\t\t<\/section>\n\t\t\t\t<section class=\"elementor-section elementor-top-section elementor-element elementor-element-1d503a92 elementor-section-height-min-height elementor-section-content-middle elementor-section-boxed elementor-section-height-default elementor-section-items-middle elementor-invisible\" data-id=\"1d503a92\" data-element_type=\"section\" data-e-type=\"section\" data-settings=\"{&quot;background_background&quot;:&quot;classic&quot;,&quot;animation&quot;:&quot;slideInUp&quot;}\">\n\t\t\t\t\t\t\t<div class=\"elementor-background-overlay\"><\/div>\n\t\t\t\t\t\t\t<div class=\"elementor-container elementor-column-gap-default\">\n\t\t\t\t\t<div class=\"elementor-column elementor-col-100 elementor-top-column elementor-element elementor-element-2d3ce71f\" data-id=\"2d3ce71f\" data-element_type=\"column\" data-e-type=\"column\">\n\t\t\t<div class=\"elementor-widget-wrap elementor-element-populated\">\n\t\t\t\t\t\t<div class=\"elementor-element elementor-element-4a77068f elementor-widget elementor-widget-heading\" data-id=\"4a77068f\" data-element_type=\"widget\" data-e-type=\"widget\" data-widget_type=\"heading.default\">\n\t\t\t\t<div class=\"elementor-widget-container\">\n\t\t\t\t\t<h1 class=\"elementor-heading-title elementor-size-default\">Contacta con nosotros<\/h1>\t\t\t\t<\/div>\n\t\t\t\t<\/div>\n\t\t\t\t<div class=\"elementor-element elementor-element-3e83b98e elementor-widget elementor-widget-text-editor\" data-id=\"3e83b98e\" data-element_type=\"widget\" data-e-type=\"widget\" data-widget_type=\"text-editor.default\">\n\t\t\t\t<div class=\"elementor-widget-container\">\n\t\t\t\t\t\t\t\t\t<p>\u00bfQuieres darle a tu empresa el valor que merece?<\/p>\t\t\t\t\t\t\t\t<\/div>\n\t\t\t\t<\/div>\n\t\t\t\t<div class=\"elementor-element elementor-element-4a84c1ba elementor-align-center elementor-widget elementor-widget-button\" data-id=\"4a84c1ba\" data-element_type=\"widget\" data-e-type=\"widget\" data-widget_type=\"button.default\">\n\t\t\t\t<div class=\"elementor-widget-container\">\n\t\t\t\t\t\t\t\t\t<div class=\"elementor-button-wrapper\">\n\t\t\t\t\t<a class=\"elementor-button elementor-button-link elementor-size-sm\" href=\"https:\/\/gpasoc.com\/contacto\/\">\n\t\t\t\t\t\t<span class=\"elementor-button-content-wrapper\">\n\t\t\t\t\t\t\t\t\t<span class=\"elementor-button-text\">CONTACTA CON NUESTRO EQUIPO<\/span>\n\t\t\t\t\t<\/span>\n\t\t\t\t\t<\/a>\n\t\t\t\t<\/div>\n\t\t\t\t\t\t\t\t<\/div>\n\t\t\t\t<\/div>\n\t\t\t\t\t<\/div>\n\t\t<\/div>\n\t\t\t\t\t<\/div>\n\t\t<\/section>\n\t\t\t\t<\/div>\n\t\t","protected":false},"excerpt":{"rendered":"<p>Family Office En muchas ocasiones existen patrimonios derivados de grandes proyectos de negocio, que se van conservando e incrementando generacionalmente en las familias. Cuando se trata de organizar el legado familiar elevado, surgen dudas relacionadas con el asesoramiento fiscal o legal, entre otros. En Guti\u00e9rrez Pujades &#038; Partners ponemos a tu disposici\u00f3n un servicio integral [&hellip;]<\/p>\n","protected":false},"author":5,"featured_media":0,"parent":0,"menu_order":0,"comment_status":"closed","ping_status":"closed","template":"","meta":{"footnotes":""},"class_list":["post-366","page","type-page","status-publish","hentry"],"yoast_head":"<!-- This site is optimized with the Yoast SEO plugin v27.3 - https:\/\/yoast.com\/product\/yoast-seo-wordpress\/ -->\n<title>FAMILY OFFICE - Guti\u00e9rrez Pujadas &amp; Partners<\/title>\n<meta name=\"description\" content=\"Guti\u00e9rrez Pujadas Family Office: Expertos en gesti\u00f3n patrimonial, garantizando la preservaci\u00f3n y continuidad de tu familia.\" \/>\n<meta name=\"robots\" content=\"index, follow, max-snippet:-1, max-image-preview:large, max-video-preview:-1\" \/>\n<link rel=\"canonical\" href=\"https:\/\/gpasoc.com\/family-office\/\" \/>\n<meta property=\"og:locale\" content=\"en_US\" \/>\n<meta property=\"og:type\" content=\"article\" \/>\n<meta property=\"og:title\" content=\"FAMILY OFFICE - Guti\u00e9rrez Pujadas &amp; Partners\" \/>\n<meta property=\"og:description\" content=\"Guti\u00e9rrez Pujadas Family Office: Expertos en gesti\u00f3n patrimonial, garantizando la preservaci\u00f3n y continuidad de tu familia.\" \/>\n<meta property=\"og:url\" content=\"https:\/\/gpasoc.com\/family-office\/\" \/>\n<meta property=\"og:site_name\" content=\"Guti\u00e9rrez Pujadas &amp; Partners\" \/>\n<meta property=\"article:modified_time\" content=\"2024-01-15T08:43:50+00:00\" \/>\n<meta property=\"og:image\" content=\"https:\/\/gpasoc.com\/wp-content\/uploads\/2023\/06\/pexels-fauxels-3184339.jpg\" \/>\n<meta name=\"twitter:card\" content=\"summary_large_image\" \/>\n<meta name=\"twitter:label1\" content=\"Est. reading time\" \/>\n\t<meta name=\"twitter:data1\" content=\"3 minutes\" \/>\n<script type=\"application\/ld+json\" class=\"yoast-schema-graph\">{\"@context\":\"https:\\\/\\\/schema.org\",\"@graph\":[{\"@type\":\"WebPage\",\"@id\":\"https:\\\/\\\/gpasoc.com\\\/family-office\\\/\",\"url\":\"https:\\\/\\\/gpasoc.com\\\/family-office\\\/\",\"name\":\"FAMILY OFFICE - Guti\u00e9rrez Pujadas &amp; Partners\",\"isPartOf\":{\"@id\":\"https:\\\/\\\/gpasoc.com\\\/#website\"},\"primaryImageOfPage\":{\"@id\":\"https:\\\/\\\/gpasoc.com\\\/family-office\\\/#primaryimage\"},\"image\":{\"@id\":\"https:\\\/\\\/gpasoc.com\\\/family-office\\\/#primaryimage\"},\"thumbnailUrl\":\"https:\\\/\\\/gpasoc.com\\\/wp-content\\\/uploads\\\/2023\\\/06\\\/pexels-fauxels-3184339.jpg\",\"datePublished\":\"2023-06-09T21:09:34+00:00\",\"dateModified\":\"2024-01-15T08:43:50+00:00\",\"description\":\"Guti\u00e9rrez Pujadas Family Office: Expertos en gesti\u00f3n patrimonial, garantizando la preservaci\u00f3n y continuidad de tu familia.\",\"breadcrumb\":{\"@id\":\"https:\\\/\\\/gpasoc.com\\\/family-office\\\/#breadcrumb\"},\"inLanguage\":\"en-US\",\"potentialAction\":[{\"@type\":\"ReadAction\",\"target\":[\"https:\\\/\\\/gpasoc.com\\\/family-office\\\/\"]}]},{\"@type\":\"ImageObject\",\"inLanguage\":\"en-US\",\"@id\":\"https:\\\/\\\/gpasoc.com\\\/family-office\\\/#primaryimage\",\"url\":\"https:\\\/\\\/gpasoc.com\\\/wp-content\\\/uploads\\\/2023\\\/06\\\/pexels-fauxels-3184339.jpg\",\"contentUrl\":\"https:\\\/\\\/gpasoc.com\\\/wp-content\\\/uploads\\\/2023\\\/06\\\/pexels-fauxels-3184339.jpg\"},{\"@type\":\"BreadcrumbList\",\"@id\":\"https:\\\/\\\/gpasoc.com\\\/family-office\\\/#breadcrumb\",\"itemListElement\":[{\"@type\":\"ListItem\",\"position\":1,\"name\":\"Portada\",\"item\":\"https:\\\/\\\/gpasoc.com\\\/\"},{\"@type\":\"ListItem\",\"position\":2,\"name\":\"FAMILY OFFICE\"}]},{\"@type\":\"WebSite\",\"@id\":\"https:\\\/\\\/gpasoc.com\\\/#website\",\"url\":\"https:\\\/\\\/gpasoc.com\\\/\",\"name\":\"Guti\u00e9rrez Pujadas & Partners\",\"description\":\"Asesor\u00eda Nacional e Internacional\",\"publisher\":{\"@id\":\"https:\\\/\\\/gpasoc.com\\\/#organization\"},\"potentialAction\":[{\"@type\":\"SearchAction\",\"target\":{\"@type\":\"EntryPoint\",\"urlTemplate\":\"https:\\\/\\\/gpasoc.com\\\/?s={search_term_string}\"},\"query-input\":{\"@type\":\"PropertyValueSpecification\",\"valueRequired\":true,\"valueName\":\"search_term_string\"}}],\"inLanguage\":\"en-US\"},{\"@type\":\"Organization\",\"@id\":\"https:\\\/\\\/gpasoc.com\\\/#organization\",\"name\":\"Guti\u00e9rrez Pujadas & Partners\",\"url\":\"https:\\\/\\\/gpasoc.com\\\/\",\"logo\":{\"@type\":\"ImageObject\",\"inLanguage\":\"en-US\",\"@id\":\"https:\\\/\\\/gpasoc.com\\\/#\\\/schema\\\/logo\\\/image\\\/\",\"url\":\"https:\\\/\\\/gpasoc.com\\\/wp-content\\\/uploads\\\/2023\\\/02\\\/gutierrez-pujadas-asesoria-logo-2-min.png\",\"contentUrl\":\"https:\\\/\\\/gpasoc.com\\\/wp-content\\\/uploads\\\/2023\\\/02\\\/gutierrez-pujadas-asesoria-logo-2-min.png\",\"width\":500,\"height\":100,\"caption\":\"Guti\u00e9rrez Pujadas & Partners\"},\"image\":{\"@id\":\"https:\\\/\\\/gpasoc.com\\\/#\\\/schema\\\/logo\\\/image\\\/\"}}]}<\/script>\n<!-- \/ Yoast SEO plugin. -->","yoast_head_json":{"title":"FAMILY OFFICE - Guti\u00e9rrez Pujadas &amp; Partners","description":"Guti\u00e9rrez Pujadas Family Office: Expertos en gesti\u00f3n patrimonial, garantizando la preservaci\u00f3n y continuidad de tu familia.","robots":{"index":"index","follow":"follow","max-snippet":"max-snippet:-1","max-image-preview":"max-image-preview:large","max-video-preview":"max-video-preview:-1"},"canonical":"https:\/\/gpasoc.com\/family-office\/","og_locale":"en_US","og_type":"article","og_title":"FAMILY OFFICE - Guti\u00e9rrez Pujadas &amp; Partners","og_description":"Guti\u00e9rrez Pujadas Family Office: Expertos en gesti\u00f3n patrimonial, garantizando la preservaci\u00f3n y continuidad de tu familia.","og_url":"https:\/\/gpasoc.com\/family-office\/","og_site_name":"Guti\u00e9rrez Pujadas &amp; Partners","article_modified_time":"2024-01-15T08:43:50+00:00","og_image":[{"url":"https:\/\/gpasoc.com\/wp-content\/uploads\/2023\/06\/pexels-fauxels-3184339.jpg","type":"","width":"","height":""}],"twitter_card":"summary_large_image","twitter_misc":{"Est. reading time":"3 minutes"},"schema":{"@context":"https:\/\/schema.org","@graph":[{"@type":"WebPage","@id":"https:\/\/gpasoc.com\/family-office\/","url":"https:\/\/gpasoc.com\/family-office\/","name":"FAMILY OFFICE - Guti\u00e9rrez Pujadas &amp; Partners","isPartOf":{"@id":"https:\/\/gpasoc.com\/#website"},"primaryImageOfPage":{"@id":"https:\/\/gpasoc.com\/family-office\/#primaryimage"},"image":{"@id":"https:\/\/gpasoc.com\/family-office\/#primaryimage"},"thumbnailUrl":"https:\/\/gpasoc.com\/wp-content\/uploads\/2023\/06\/pexels-fauxels-3184339.jpg","datePublished":"2023-06-09T21:09:34+00:00","dateModified":"2024-01-15T08:43:50+00:00","description":"Guti\u00e9rrez Pujadas Family Office: Expertos en gesti\u00f3n patrimonial, garantizando la preservaci\u00f3n y continuidad de tu familia.","breadcrumb":{"@id":"https:\/\/gpasoc.com\/family-office\/#breadcrumb"},"inLanguage":"en-US","potentialAction":[{"@type":"ReadAction","target":["https:\/\/gpasoc.com\/family-office\/"]}]},{"@type":"ImageObject","inLanguage":"en-US","@id":"https:\/\/gpasoc.com\/family-office\/#primaryimage","url":"https:\/\/gpasoc.com\/wp-content\/uploads\/2023\/06\/pexels-fauxels-3184339.jpg","contentUrl":"https:\/\/gpasoc.com\/wp-content\/uploads\/2023\/06\/pexels-fauxels-3184339.jpg"},{"@type":"BreadcrumbList","@id":"https:\/\/gpasoc.com\/family-office\/#breadcrumb","itemListElement":[{"@type":"ListItem","position":1,"name":"Portada","item":"https:\/\/gpasoc.com\/"},{"@type":"ListItem","position":2,"name":"FAMILY OFFICE"}]},{"@type":"WebSite","@id":"https:\/\/gpasoc.com\/#website","url":"https:\/\/gpasoc.com\/","name":"Guti\u00e9rrez Pujadas & Partners","description":"Asesor\u00eda Nacional e Internacional","publisher":{"@id":"https:\/\/gpasoc.com\/#organization"},"potentialAction":[{"@type":"SearchAction","target":{"@type":"EntryPoint","urlTemplate":"https:\/\/gpasoc.com\/?s={search_term_string}"},"query-input":{"@type":"PropertyValueSpecification","valueRequired":true,"valueName":"search_term_string"}}],"inLanguage":"en-US"},{"@type":"Organization","@id":"https:\/\/gpasoc.com\/#organization","name":"Guti\u00e9rrez Pujadas & Partners","url":"https:\/\/gpasoc.com\/","logo":{"@type":"ImageObject","inLanguage":"en-US","@id":"https:\/\/gpasoc.com\/#\/schema\/logo\/image\/","url":"https:\/\/gpasoc.com\/wp-content\/uploads\/2023\/02\/gutierrez-pujadas-asesoria-logo-2-min.png","contentUrl":"https:\/\/gpasoc.com\/wp-content\/uploads\/2023\/02\/gutierrez-pujadas-asesoria-logo-2-min.png","width":500,"height":100,"caption":"Guti\u00e9rrez Pujadas & Partners"},"image":{"@id":"https:\/\/gpasoc.com\/#\/schema\/logo\/image\/"}}]}},"_links":{"self":[{"href":"https:\/\/gpasoc.com\/en\/wp-json\/wp\/v2\/pages\/366","targetHints":{"allow":["GET"]}}],"collection":[{"href":"https:\/\/gpasoc.com\/en\/wp-json\/wp\/v2\/pages"}],"about":[{"href":"https:\/\/gpasoc.com\/en\/wp-json\/wp\/v2\/types\/page"}],"author":[{"embeddable":true,"href":"https:\/\/gpasoc.com\/en\/wp-json\/wp\/v2\/users\/5"}],"replies":[{"embeddable":true,"href":"https:\/\/gpasoc.com\/en\/wp-json\/wp\/v2\/comments?post=366"}],"version-history":[{"count":4,"href":"https:\/\/gpasoc.com\/en\/wp-json\/wp\/v2\/pages\/366\/revisions"}],"predecessor-version":[{"id":372,"href":"https:\/\/gpasoc.com\/en\/wp-json\/wp\/v2\/pages\/366\/revisions\/372"}],"wp:attachment":[{"href":"https:\/\/gpasoc.com\/en\/wp-json\/wp\/v2\/media?parent=366"}],"curies":[{"name":"wp","href":"https:\/\/api.w.org\/{rel}","templated":true}]}}